{"id":22,"date":"2020-05-13T15:34:08","date_gmt":"2020-05-13T13:34:08","guid":{"rendered":"https:\/\/eatemotions.de\/?page_id=22"},"modified":"2022-04-16T10:40:43","modified_gmt":"2022-04-16T08:40:43","slug":"mesmerize","status":"publish","type":"page","link":"https:\/\/eatemotions.de\/","title":{"rendered":"Front Page"},"content":{"rendered":"<div  data-label=\"EatEmotions by Pierre Weih\" data-id=\"features--2\" data-export-id=\"features-16-card-bordered\" data-category=\"features\" class=\"features-16-card-bordered content-section content-section-spacing\" id=\"eatemotions-by-pierre-weih\" style=\"background-color: rgb(245, 250, 253); background-image: none;\"><div  class=\"gridContainer\"> <div  class=\"row text-center\"><div  class=\"section-title-col\" data-type=\"column\"> <h2  class=\"\">EatEmotions by Pierre Weih&nbsp;<\/h2> <p  class=\"lead\">Hey, sch\u00f6n das du es auf meine Seite geschafft hast. \n<br >Ja um was geht es hier auf meiner Seite eigentlich ? &nbsp;\n\n<br >Essen und Emotionen geh\u00f6ren einfach zusammen. Jeder kennt es. Aus einer emotionalen Lage haben viele das Bed\u00fcrfniss zu essen. \n<br >Es spricht einiges daf\u00fcr das Essen und Emotionen die Seele ber\u00fchren.&nbsp;<br >Gl\u00fccklich sein, Hunger, zusammen sein mit Freunden, gemeisam was essen, die Gem\u00fctlichkeit und das alles ist EatEmotions by Pierre Weih\n<br >Ich werde dazu beitragen um dieses zu erf\u00fcllen.<br >Einfach anders sein, kreativ, innovativ, spannend &amp; neugierig<br >Impulsgeber und Innovativ zu sein, ist in der heutigen Zeit mehr den je gefragt.&nbsp;\n<br >Zudem werde ich oft gefragt, wo bekomme ich die Gew\u00fcrze, die coolen Sachen wie Pipetten her die du hier einsetzt ? Ganz einfach. Vieles davon bekommt ihr bei mir im Webshop.\n<br >Schaut einfach mal vorbei.<br >Ich koche gerne in euerem K\u00fcchenstudio oder gebe Kochkurse bei euch daheim oder im K\u00fcchenstudio\n<br >&nbsp;&nbsp;\n\n<br >Freue mich auf eure Anfragen&nbsp;<br >\n<br ><br >Das ist EatEmotions by Pierre Weih&nbsp;<\/p><\/div> <\/div> <div  class=\"row spaced-cols\" data-type=\"row\"> <div  class=\"col-xs-12 col-sm-6 col-md-4\"> <div  class=\"card no-padding bordered y-move\"> <img decoding=\"async\"  class=\"face\" src=\"https:\/\/eatemotions.de\/wp-5850f-content\/uploads\/2020\/05\/cropped-8186895B-D622-4866-AB15-92026C78FB33-1.jpeg\" alt=\"\" title=\"cropped-8186895B-D622-4866-AB15-92026C78FB33-1.jpeg\"> <div  data-type=\"column\" class=\"col-padding-small col-padding-small-xs description-container\"> <h4  class=\"font-500\">Schokoladen Kugel \/ Erde&nbsp;<\/h4> <p  class=\"\">Jeder sieht auf Socialen Medien die sch\u00f6nen Fotos der Sterne K\u00f6che. Aber wie geht das alles ? Ich zeige euch wie es geht und es ist relativ einfach&nbsp;<\/p><\/div> <div  data-type=\"column\" class=\"col-padding-small col-padding-small-xs read-more-container\"><\/div> <\/div><\/div> <div  class=\"col-xs-12 col-sm-6 col-md-4\"><div  class=\"card no-padding bordered y-move\"> <img decoding=\"async\"  class=\"face\" src=\"https:\/\/eatemotions.de\/wp-5850f-content\/uploads\/2020\/05\/cropped-BF3762B3-F3F1-47E7-B891-B66BB6AD6F2B-scaled-3.jpeg\" alt=\"\" title=\"cropped-BF3762B3-F3F1-47E7-B891-B66BB6AD6F2B-scaled-3.jpeg\"> <div  data-type=\"column\" class=\"col-padding-small col-padding-small-xs description-container\"> <h4  class=\"font-500\">Kleinigkeiten&nbsp;<\/h4> <p  class=\"\">Ich bin am Wochenende ab und an mal in verschiedenen K\u00fcchenstudios unterwegs und mache ein paar Kleinigkeit f\u00fcr interessierte G\u00e4ste&nbsp;<\/p><\/div> <div  data-type=\"column\" class=\"col-padding-small col-padding-small-xs read-more-container\"><\/div> <\/div><\/div> <div  class=\"col-xs-12 col-sm-6 col-md-4\"><div  class=\"card no-padding bordered y-move\"> <img decoding=\"async\"  class=\"face\" src=\"https:\/\/eatemotions.de\/wp-5850f-content\/uploads\/2020\/05\/cropped-9979D568-650A-4F84-AAA5-A32D2CEEE9C4-2.jpeg\" alt=\"\" title=\"cropped-9979D568-650A-4F84-AAA5-A32D2CEEE9C4-2.jpeg\"> <div  data-type=\"column\" class=\"col-padding-small col-padding-small-xs description-container\"> <h4  class=\"font-500\">Foodparing&nbsp;<\/h4> <p  class=\"\">Foodparing \u2013 ja schon mal geh\u00f6rt . Viele Ideen stammen auf Basis dieser Grundlage. &nbsp;H\u00e4hnchen , Himbeere , Schokolade , Frischk\u00e4se \u2013 H\u00f6rt sich aber komisch an \u2013 passt aber super zusammen&nbsp;<\/p><\/div> <div  data-type=\"column\" class=\"col-padding-small col-padding-small-xs read-more-container\"><\/div> <\/div><\/div> <\/div><\/div> <\/div><div  id=\"ueber-mich\" style=\"background-color: rgb(245, 250, 253); background-image: none;\" data-label=\"\u00dcber Mich\" data-id=\"content-3\" data-export-id=\"content-3\" data-category=\"content\" class=\"content-3 content-section content-section-spacing\"><div > <div  class=\"row middle-xs\"><div  class=\"col-sm-7 full-col-left-padding full-col-right-padding\"> <div  class=\"row\"><div  data-type=\"column\" class=\"space-bottom-small content-title-col\"> <h5  class=\"\">Das bin ich&nbsp;<\/h5> <h2  class=\"\">Pierre Weih&nbsp;<\/h2> <p  class=\"\">\u2026\u2026.ja vor langer Zeit habe ich mein Ausbildung als Koch abgeschlossen , und habe dort auch in verschiedenen Unternehmen gearbeitet. Von einer Gro\u00dfk\u00fcche ging der Weg weiter zu einem Catering Unternehmen. Ist es das , was du dein Leben lang machen willst ? &nbsp;Hm \u2026. Ein Bekannter Freund wollte damals &nbsp;das ich das Studium zum Betriebswirt mit ihm zusammen mache.Na ja , 2 Jahre sp\u00e4ter war es soweit. Danke Markus &nbsp;\n<br >Danach war der Weg \u201efrei\u201c und ich wollte in den Vertrieb. Die Chance auf eine andere \u201eArt und Weisse\u201c bot mir die Firma L.Stroetmann in Werne als FoodScout. Produktentwicklung , Vertrieb , Einkauf \u2026 Es war alles dabei. Bei der Firma FVZ Convenience war ich als Regionalmanager unterwegs und habe &nbsp;das Gebiet Ruhr verantwortet. Heute bin ich ich bei der Firma 11er Nahrungsmittel GmbH in Franstanz t\u00e4tig und habe mich \u201cf\u00fcr das Beste der Kartoffel\u201d entschieden.&nbsp;<br >Paralell habe ich aber auch &nbsp;f\u00fcr die BSH Gruppe als Markenbotschafter gearbeitet. Heute bin ich stolz f\u00fcr die Firma Miele &amp; Cie . KG unterwegs zu sein.<br ><br >Eins ist jedoch immer geblieben : Die Leidenschaft zum Kochen und das Kreative Arbeiten&nbsp;<\/p><\/div> <\/div> <div  class=\"row spaced-cols\" data-type=\"row\"> <div  class=\"col-xs-6\" data-type=\"column\"> <h5  class=\"\">Koch&nbsp;<\/h5> <p  class=\"\">Markische Kliniken&nbsp;\n\n<br >Flughafen K\u00fcntrop&nbsp;\n<br >Axel Rother Partyservice&nbsp;<\/p><\/div> <div  class=\"col-xs-6\" data-type=\"column\"><h5  class=\"\">11er Nahrungsmittel Gmbh&nbsp;<\/h5><p  class=\"\">Key- Account Manager Foodservice Deutschland&nbsp;<\/p><h5  class=\"\">FVZ Convenience GmbH&nbsp;<\/h5><p  class=\"\">Regionalmanager Gebiet Ruhr<\/p> <\/div> <div  class=\"col-xs-6\" data-type=\"column\"> <h5  class=\"\">Betriebswirt&nbsp;<\/h5><p  class=\"\">Wihoga Dortmund&nbsp;<\/p><\/div> <div  class=\"col-xs-6\" data-type=\"column\"><h5  class=\"\">L.Stroetmann GmbH Werne&nbsp;<\/h5> <p  class=\"\">Foodscout \u2013 Vertrieb&nbsp;<\/p><\/div> <\/div><\/div> <div  class=\"col-sm-5 bg-image shadow-large-black revert-classes-holder\" data-bg=\"image\" style=\"background-image: url(&quot;https:\/\/eatemotions.de\/wp-5850f-content\/uploads\/2020\/05\/cropped-PierreWeihPortr\u00e4-scaled-1.jpg&quot;);\"><\/div><\/div> <\/div><\/div><div  data-label=\"Rezepturen\" data-id=\"latest_news--1\" data-export-id=\"blog-section\" data-category=\"latest_news\" class=\"blog-section blog-section-standard content-section content-section-spacing\" id=\"rezepturen\" style=\"background-color: rgb(255, 255, 255); background-image: none;\"><div  class=\"gridContainer\"> <div  class=\"row\"><div  data-type=\"column\" class=\"section-title-col\"> <h2  class=\"\">Rezepturen &nbsp;&nbsp;<\/h2> <p  class=\"lead\">Hier findet ihr die verschiedensten Rezepturen von \u201enormalen Klassiker\u201c bis hin zu \u201eextravaganten, ausgefallenstens Dingen\u201c f\u00fcr eure K\u00fcche. Schaut einfach mal vorbei und ladet alle Rezepturen \u201ekostenfrei\u201c herunter. \n<br >Einfach auf das Bild gehen und den Button \u201crunterladen\u201c klicken und schon geht es los. &nbsp;\n<br ><br >Lasst es auch schmecken&nbsp;<\/p><\/div> <\/div> <div  class=\"row\"> <div  data-type=\"row\" data-dynamic-columns=\"handled\" data-content-shortcode=\"mesmerize_latest_news columns=&quot;4&quot; \">\t\t<div class=\"row center-sm content-left-sm\">\n\t\t\t\t\t<div id=\"post-984\" class=\"col-sm-6 col-md-4 space-bottom space-bottom-xs\">\n\t\t\t\t<div class=\"post-content card y-move bordered\">\n\t\t\t\t\t<div class=\"post-thumbnail\">\n   <a href=\"https:\/\/eatemotions.de\/?p=984\" class=\"post-list-item-thumb \">\n      <img loading=\"lazy\" decoding=\"async\" width=\"1024\" height=\"1365\" src=\"https:\/\/eatemotions.de\/wp-5850f-content\/uploads\/2023\/12\/20231125_130321-1024x1365.jpg\" class=\"attachment-post-thumbnail size-post-thumbnail wp-post-image\" alt=\"\" srcset=\"https:\/\/eatemotions.de\/wp-5850f-content\/uploads\/2023\/12\/20231125_130321-1024x1365.jpg 1024w, https:\/\/eatemotions.de\/wp-5850f-content\/uploads\/2023\/12\/20231125_130321-225x300.jpg 225w, https:\/\/eatemotions.de\/wp-5850f-content\/uploads\/2023\/12\/20231125_130321-768x1024.jpg 768w, https:\/\/eatemotions.de\/wp-5850f-content\/uploads\/2023\/12\/20231125_130321-1152x1536.jpg 1152w, https:\/\/eatemotions.de\/wp-5850f-content\/uploads\/2023\/12\/20231125_130321-1536x2048.jpg 1536w, https:\/\/eatemotions.de\/wp-5850f-content\/uploads\/2023\/12\/20231125_130321-810x1080.jpg 810w, https:\/\/eatemotions.de\/wp-5850f-content\/uploads\/2023\/12\/20231125_130321-600x800.jpg 600w, https:\/\/eatemotions.de\/wp-5850f-content\/uploads\/2023\/12\/20231125_130321-45x60.jpg 45w, https:\/\/eatemotions.de\/wp-5850f-content\/uploads\/2023\/12\/20231125_130321-68x90.jpg 68w, https:\/\/eatemotions.de\/wp-5850f-content\/uploads\/2023\/12\/20231125_130321-scaled.jpg 1920w\" sizes=\"auto, (max-width: 1024px) 100vw, 1024px\" \/>   <\/a>\n<\/div>\n\t\t\t\t\t<div class=\"col-padding col-padding-xs\">\n\t\t\t\t\t\t<h3 class=\"post-title space-bottom-small\">\n\t\t\t\t\t\t\t<a href=\"https:\/\/eatemotions.de\/?p=984\" rel=\"bookmark\">\n\t\t\t\t\t\t\t\tCrazy Bauerntopf\t\t\t\t\t\t\t<\/a>\n\t\t\t\t\t\t<\/h3>\n\t\t\t\t\t\t<p>Hier ein besonderer \ud83d\ude01\ud83d\ude01 CRAZY BAUERNTOPF \ud83d\ude09\ud83d\ude09\ud83d\ude0b\ud83d\ude0b\ud83d\ude0b<br \/>\nBauerntopf kennt jeder und schmeckt fast jedem.. Ich liebe Foodparing und dieser hat eine besondere Note !!! Pflaumen und Kaffee .. Die s\u00fc\u00dfe der Pflaume und die Bitteren Aromen des Kaffee passen perfekt zu Tomate ,Hack und Kartoffeln&#8230;\ud83e\udd70\ud83e\udd70\ud83e\udd70<br \/>\nLets Go Crazy \ud83d\ude48\ud83d\ude49\ud83d\ude4a Langweile war gestern&#8230; Was sagt ihr dazu ???<\/p>\n\t\t\t\t\t\t<a class=\"read-more link\" href=\"https:\/\/eatemotions.de\/?p=984\">\n\t\t\t\t\t\t\tRead more\t\t\t\t\t\t<\/a>\n\t\t\t\t\t<\/div>\n\t\t\t\t<\/div>\n\t\t\t<\/div>\n\t\t\t\t\t\t<div id=\"post-936\" class=\"col-sm-6 col-md-4 space-bottom space-bottom-xs\">\n\t\t\t\t<div class=\"post-content card y-move bordered\">\n\t\t\t\t\t<div class=\"post-thumbnail\">\n   <a href=\"https:\/\/eatemotions.de\/?p=936\" class=\"post-list-item-thumb \">\n      <img loading=\"lazy\" decoding=\"async\" width=\"1024\" height=\"1208\" src=\"https:\/\/eatemotions.de\/wp-5850f-content\/uploads\/2022\/10\/97778593-1A75-4C2F-A98C-CD0429E5E4CB-1024x1208.jpg\" class=\"attachment-post-thumbnail size-post-thumbnail wp-post-image\" alt=\"\" srcset=\"https:\/\/eatemotions.de\/wp-5850f-content\/uploads\/2022\/10\/97778593-1A75-4C2F-A98C-CD0429E5E4CB-1024x1208.jpg 1024w, https:\/\/eatemotions.de\/wp-5850f-content\/uploads\/2022\/10\/97778593-1A75-4C2F-A98C-CD0429E5E4CB-254x300.jpg 254w, https:\/\/eatemotions.de\/wp-5850f-content\/uploads\/2022\/10\/97778593-1A75-4C2F-A98C-CD0429E5E4CB-868x1024.jpg 868w, https:\/\/eatemotions.de\/wp-5850f-content\/uploads\/2022\/10\/97778593-1A75-4C2F-A98C-CD0429E5E4CB-768x906.jpg 768w, https:\/\/eatemotions.de\/wp-5850f-content\/uploads\/2022\/10\/97778593-1A75-4C2F-A98C-CD0429E5E4CB-1302x1536.jpg 1302w, https:\/\/eatemotions.de\/wp-5850f-content\/uploads\/2022\/10\/97778593-1A75-4C2F-A98C-CD0429E5E4CB-915x1080.jpg 915w, https:\/\/eatemotions.de\/wp-5850f-content\/uploads\/2022\/10\/97778593-1A75-4C2F-A98C-CD0429E5E4CB-600x708.jpg 600w, https:\/\/eatemotions.de\/wp-5850f-content\/uploads\/2022\/10\/97778593-1A75-4C2F-A98C-CD0429E5E4CB-51x60.jpg 51w, https:\/\/eatemotions.de\/wp-5850f-content\/uploads\/2022\/10\/97778593-1A75-4C2F-A98C-CD0429E5E4CB-76x90.jpg 76w, https:\/\/eatemotions.de\/wp-5850f-content\/uploads\/2022\/10\/97778593-1A75-4C2F-A98C-CD0429E5E4CB.jpg 1440w\" sizes=\"auto, (max-width: 1024px) 100vw, 1024px\" \/>   <\/a>\n<\/div>\n\t\t\t\t\t<div class=\"col-padding col-padding-xs\">\n\t\t\t\t\t\t<h3 class=\"post-title space-bottom-small\">\n\t\t\t\t\t\t\t<a href=\"https:\/\/eatemotions.de\/?p=936\" rel=\"bookmark\">\n\t\t\t\t\t\t\t\tZitronenkuchen wie bei der Oma\t\t\t\t\t\t\t<\/a>\n\t\t\t\t\t\t<\/h3>\n\t\t\t\t\t\t<p>ich liebe Ihn, Locker leicht und einfach Lecker <\/p>\n\t\t\t\t\t\t<a class=\"read-more link\" href=\"https:\/\/eatemotions.de\/?p=936\">\n\t\t\t\t\t\t\tRead more\t\t\t\t\t\t<\/a>\n\t\t\t\t\t<\/div>\n\t\t\t\t<\/div>\n\t\t\t<\/div>\n\t\t\t\t\t\t<div id=\"post-655\" class=\"col-sm-6 col-md-4 space-bottom space-bottom-xs\">\n\t\t\t\t<div class=\"post-content card y-move bordered\">\n\t\t\t\t\t<div class=\"post-thumbnail\">\n   <a href=\"https:\/\/eatemotions.de\/?p=655\" class=\"post-list-item-thumb \">\n      <img loading=\"lazy\" decoding=\"async\" width=\"1024\" height=\"1024\" src=\"https:\/\/eatemotions.de\/wp-5850f-content\/uploads\/2021\/05\/22780374-CE63-4923-AB22-E4ECC63D5A7F-1024x1024.jpg\" class=\"attachment-post-thumbnail size-post-thumbnail wp-post-image\" alt=\"\" srcset=\"https:\/\/eatemotions.de\/wp-5850f-content\/uploads\/2021\/05\/22780374-CE63-4923-AB22-E4ECC63D5A7F-1024x1024.jpg 1024w, https:\/\/eatemotions.de\/wp-5850f-content\/uploads\/2021\/05\/22780374-CE63-4923-AB22-E4ECC63D5A7F-300x300.jpg 300w, https:\/\/eatemotions.de\/wp-5850f-content\/uploads\/2021\/05\/22780374-CE63-4923-AB22-E4ECC63D5A7F-150x150.jpg 150w, https:\/\/eatemotions.de\/wp-5850f-content\/uploads\/2021\/05\/22780374-CE63-4923-AB22-E4ECC63D5A7F-768x768.jpg 768w, https:\/\/eatemotions.de\/wp-5850f-content\/uploads\/2021\/05\/22780374-CE63-4923-AB22-E4ECC63D5A7F-1536x1536.jpg 1536w, https:\/\/eatemotions.de\/wp-5850f-content\/uploads\/2021\/05\/22780374-CE63-4923-AB22-E4ECC63D5A7F-1080x1080.jpg 1080w, https:\/\/eatemotions.de\/wp-5850f-content\/uploads\/2021\/05\/22780374-CE63-4923-AB22-E4ECC63D5A7F-600x600.jpg 600w, https:\/\/eatemotions.de\/wp-5850f-content\/uploads\/2021\/05\/22780374-CE63-4923-AB22-E4ECC63D5A7F-100x100.jpg 100w, https:\/\/eatemotions.de\/wp-5850f-content\/uploads\/2021\/05\/22780374-CE63-4923-AB22-E4ECC63D5A7F.jpg 1920w\" sizes=\"auto, (max-width: 1024px) 100vw, 1024px\" \/>   <\/a>\n<\/div>\n\t\t\t\t\t<div class=\"col-padding col-padding-xs\">\n\t\t\t\t\t\t<h3 class=\"post-title space-bottom-small\">\n\t\t\t\t\t\t\t<a href=\"https:\/\/eatemotions.de\/?p=655\" rel=\"bookmark\">\n\t\t\t\t\t\t\t\tK\u00fcrbiskern Brot\t\t\t\t\t\t\t<\/a>\n\t\t\t\t\t\t<\/h3>\n\t\t\t\t\t\t<p>Ich liebe es frisch gebackenes Brot ?<br \/>\nEin leckeres K\u00fcrbiskernbrot mit hohem Vollkorn Anteil ?<br \/>\nGesund und lecker ?<\/p>\n\t\t\t\t\t\t<a class=\"read-more link\" href=\"https:\/\/eatemotions.de\/?p=655\">\n\t\t\t\t\t\t\tRead more\t\t\t\t\t\t<\/a>\n\t\t\t\t\t<\/div>\n\t\t\t\t<\/div>\n\t\t\t<\/div>\n\t\t\t\t<\/div>\n\t<\/div><\/div> <div  class=\"row\"><div  class=\"text-center\"> <a  class=\"button color1\" data-attr-shortcode=\"href:mesmerize_blog_link\" href=\"https:\/\/eatemotions.de\/?post_type=post\">Hier geht es zur der Rezeptdatenbank \u2026\u2026 <\/a><\/div> <\/div><\/div><\/div><div  id=\"das-sagt-man-ueber-mich\" style=\"background-color: rgb(245, 250, 253); background-image: none;\" data-label=\"Das sagt man \u00fcber mich\" data-id=\"testimonials-5\" data-export-id=\"testimonials-5\" data-category=\"testimonials\" class=\"testimonials-5 content-section content-section-spacing\"><div  class=\"gridContainer\"> <div  class=\"row\"><div  data-type=\"column\" class=\"section-title-col\"> <h2  class=\"\">Das sagen andere \u00fcber \u201eMICH\u201c&nbsp;<\/h2> <\/div> <\/div> <div  class=\"row spaced-cols content-center-sm\" data-type=\"row\"> <div  class=\"col-sm-4\"> <div  class=\"card y-move bordered\" data-type=\"column\"> <i  class=\"fa fa-quote-right icon color1 small quotation-icon\"><\/i> <p  class=\"text-center\">was mich an ihm &nbsp;immer beeindruckt hat , das Ziel immer fest vor Augen zu haben. Ich konnte mich blind auf ihn verlassen.&nbsp;<\/p> <img decoding=\"async\"  src=\"https:\/\/eatemotions.de\/wp-5850f-content\/uploads\/2020\/05\/cropped-DSC_0357-scaled-2.jpg\" class=\"round icon\" alt=\"\" title=\"cropped-DSC_0357-scaled-2.jpg\">  <p  class=\"small italic\">Markische Kliniken L\u00fcdenscheid<\/p><\/div> <\/div> <div  class=\"col-sm-4\"> <div  class=\"card y-move bordered\" data-type=\"column\"> <i  class=\"fa fa-quote-right icon color1 small quotation-icon\"><\/i> <p  class=\"text-center\">es gibt keine Probleme, es gibt nur L\u00f6sungen. Solange war Pierre immer auf der Suche nach der L\u00f6sung bis er sie gefunden hat.<\/p> <img decoding=\"async\"  src=\"https:\/\/eatemotions.de\/wp-5850f-content\/uploads\/2020\/05\/cropped-DSC_0326-scaled-2.jpg\" class=\"round icon\" alt=\"\" title=\"cropped-DSC_0326-scaled-2.jpg\">  <p  class=\"small italic\">L.Stroetmann Gro\u00dfverbraucher<\/p><\/div> <\/div> <div  class=\"col-sm-4\"> <div  class=\"card y-move bordered\" data-type=\"column\"> <i  class=\"fa fa-quote-right icon color1 small quotation-icon\"><\/i> <p  class=\"text-center\">es hat immer Spass gemacht mit ihm zu arbeiten. Trotz der stressigen Zeit l\u00e4sst er sich nicht aus der Ruhe bringen. Stukturiert und Ergeizig zum Erfolg&nbsp;<\/p> <img decoding=\"async\"  src=\"https:\/\/eatemotions.de\/wp-5850f-content\/uploads\/2020\/05\/cropped-PierreWeih3.4-scaled-1.jpg\" class=\"round icon\" alt=\"\" title=\"cropped-PierreWeih3.4-scaled-1.jpg\">  <p  class=\"small italic\">Axel Rother Partyservice&nbsp;<\/p><\/div> <\/div><\/div> <\/div><\/div><div  data-label=\"Contact us\" data-id=\"clients--1\" data-export-id=\"clients-1\" data-category=\"clients\" class=\"clients-1 content-section content-section-spacing\" id=\"contact-us\" style=\"background-color: rgb(245, 250, 253); background-image: none;\"><div  class=\"gridContainer\"> <div  class=\"row middle-sm\"><div  data-type=\"column\" class=\"col-sm-6 space-bottom-xs\"> <h2  class=\"font-700\">Kontaktiere mich&nbsp;<\/h2> <p  class=\"lead\">Hast du Fragen oder Anregungen, schreibt mir einfach. Anfragen kannst Du mir natr\u00fclich auch stellen. Freue mich auf dein Feedback&nbsp;<\/p><\/div> <div  class=\"col-sm-6\"><div  data-type=\"row\" class=\"row spaced-cols center-xs padding-lr\">  <div  class=\"col-xs-3 col-md-3\"><a data-cp-link=\"1\" href=\"mailto:eatemotions@t-online.de\" class=\"\" target=\"_blank\" rel=\"noopener noreferrer\"><img decoding=\"async\"  class=\"custom-image\" src=\"https:\/\/eatemotions.de\/wp-5850f-content\/uploads\/2019\/08\/cropped-EatEmotionsLogo-11.png\" alt=\"\" title=\"cropped-EatEmotionsLogo-10.png\"><\/a> <\/div>   <div  class=\"col-xs-3 col-md-3\"><a data-cp-link=\"1\" href=\"https:\/\/www.facebook.com\/pierre.weih\" class=\"\" target=\"_self\" rel=\"noopener noreferrer\"><img decoding=\"async\"  class=\"custom-image\" src=\"https:\/\/eatemotions.de\/wp-5850f-content\/uploads\/2020\/05\/cropped-facebook_logos_PNG19754.png\" alt=\"\" title=\"cropped-EatEmotionsLogo-10.png\"><\/a> <\/div><div  class=\"col-xs-3 col-md-3\"><a data-cp-link=\"1\" href=\"\/\/www.instagram.com\/weihpierre\" class=\"\" target=\"_self\" rel=\"noopener noreferrer\"><img decoding=\"async\"  class=\"custom-image\" src=\"https:\/\/eatemotions.de\/wp-5850f-content\/uploads\/2020\/05\/cropped-instagram-logos-png-images-free-download-2.png\" alt=\"\" title=\"cropped-EatEmotionsLogo-10.png\"><\/a> <\/div><\/div><\/div> <\/div><\/div> <\/div>","protected":false},"excerpt":{"rendered":"<p>EatEmotions by Pierre Weih&nbsp; Hey, sch\u00f6n das du es auf meine Seite geschafft hast. Ja um was geht es hier auf meiner Seite eigentlich ? &nbsp; Essen und Emotionen geh\u00f6ren einfach zusammen. Jeder kennt es. Aus einer emotionalen Lage haben viele das Bed\u00fcrfniss zu essen. Es spricht einiges daf\u00fcr das Essen und Emotionen die Seele&hellip; <br \/> <a class=\"read-more\" href=\"https:\/\/eatemotions.de\/?p=655\">Weiterlesen<\/a><\/p>\n","protected":false},"author":1,"featured_media":0,"parent":188,"menu_order":0,"comment_status":"closed","ping_status":"closed","template":"page-templates\/homepage.php","meta":{"footnotes":""},"class_list":["post-22","page","type-page","status-publish","hentry"],"_links":{"self":[{"href":"https:\/\/eatemotions.de\/index.php?rest_route=\/wp\/v2\/pages\/22","targetHints":{"allow":["GET"]}}],"collection":[{"href":"https:\/\/eatemotions.de\/index.php?rest_route=\/wp\/v2\/pages"}],"about":[{"href":"https:\/\/eatemotions.de\/index.php?rest_route=\/wp\/v2\/types\/page"}],"author":[{"embeddable":true,"href":"https:\/\/eatemotions.de\/index.php?rest_route=\/wp\/v2\/users\/1"}],"replies":[{"embeddable":true,"href":"https:\/\/eatemotions.de\/index.php?rest_route=%2Fwp%2Fv2%2Fcomments&post=22"}],"version-history":[{"count":35,"href":"https:\/\/eatemotions.de\/index.php?rest_route=\/wp\/v2\/pages\/22\/revisions"}],"predecessor-version":[{"id":913,"href":"https:\/\/eatemotions.de\/index.php?rest_route=\/wp\/v2\/pages\/22\/revisions\/913"}],"up":[{"embeddable":true,"href":"https:\/\/eatemotions.de\/index.php?rest_route=\/wp\/v2\/pages\/188"}],"wp:attachment":[{"href":"https:\/\/eatemotions.de\/index.php?rest_route=%2Fwp%2Fv2%2Fmedia&parent=22"}],"curies":[{"name":"wp","href":"https:\/\/api.w.org\/{rel}","templated":true}]}}