{"id":347,"date":"2020-10-30T18:07:23","date_gmt":"2020-10-30T16:07:23","guid":{"rendered":"https:\/\/eatemotions.de\/?post_type=product&#038;p=347"},"modified":"2021-08-04T19:24:30","modified_gmt":"2021-08-04T17:24:30","slug":"dekorations-pipetten-2ml-24-stueck","status":"publish","type":"product","link":"https:\/\/eatemotions.de\/?product=dekorations-pipetten-2ml-24-stueck","title":{"rendered":"Dekorations-Pipetten 2ml  24 St\u00fcck"},"content":{"rendered":"<p>Dekorations-Pipetten 24 St\u00fcck<\/p>\n<p>FMprofessional Dekorations-Pipetten (Menge: 1 x 24 St\u00fcck)<\/p>\n<p>Mithilfe der Dekorations-Pipetten von FMprofessional versch\u00f6nern Sie Geb\u00e4cke, Kuchen, T\u00f6rtchen, Salate und allerlei Gerichte \u2013 sogar Vor- und Nachspeisenteller bekommen filigrane Schoko-Streifen oder fruchtige Chutneys. Auch hausgemachtes Sushi sieht gleich viel sch\u00f6ner aus, wenn es mit Sesam-Dressing oder Spezial-So\u00dfe getoppt wird. Ihrer Fantasie sind keine Grenzen gesetzt, denn die kleinen Pipetten aus transparentem Kunststoff sind wahre Allroundk\u00fcnstler und meistern selbst schwierige Kleinstarbeiten mit Bravour. Die Pipetten sind circa 9 Zentimeter lang und haben ein F\u00fcllvolumen von etwa 2 Millilitern.<\/p>\n<p>\u00bb Ma\u00dfe: \u00d8 1 cm, L\u00e4nge ca. 8,8 cm, F\u00fcllvolumen ca. 2 ml<br \/>\n\u00bb Material: Kunststoff<br \/>\n\u00bb Farbe: Transparent<\/p>\n<p>FMprofessional \u2013 professionelles Sortiment von K\u00fcchen- &amp; Gastronomiehelfern aus dem Hause Fackelmann.<\/p>\n<p>&nbsp;<\/p>\n","protected":false},"excerpt":{"rendered":"<p>Dekorations-Pipetten 24 St\u00fcck<\/p>\n<p>FMprofessional Dekorations-Pipetten (Menge: 1 x 24 St\u00fcck) zum verfeinern von Tellern oder auch f\u00fcr Dressing geeignet<\/p>\n","protected":false},"featured_media":349,"comment_status":"open","ping_status":"closed","template":"","meta":[],"product_brand":[],"product_cat":[25],"product_tag":[30,29],"class_list":{"0":"post-347","1":"product","2":"type-product","3":"status-publish","4":"has-post-thumbnail","6":"product_cat-non-food-artikel","7":"product_tag-dekoration","8":"product_tag-pipetten","9":"product_shipping_class-kleinteile","11":"first","12":"instock","13":"taxable","14":"shipping-taxable","15":"purchasable","16":"product-type-simple"},"_links":{"self":[{"href":"https:\/\/eatemotions.de\/index.php?rest_route=\/wp\/v2\/product\/347","targetHints":{"allow":["GET"]}}],"collection":[{"href":"https:\/\/eatemotions.de\/index.php?rest_route=\/wp\/v2\/product"}],"about":[{"href":"https:\/\/eatemotions.de\/index.php?rest_route=\/wp\/v2\/types\/product"}],"replies":[{"embeddable":true,"href":"https:\/\/eatemotions.de\/index.php?rest_route=%2Fwp%2Fv2%2Fcomments&post=347"}],"wp:featuredmedia":[{"embeddable":true,"href":"https:\/\/eatemotions.de\/index.php?rest_route=\/wp\/v2\/media\/349"}],"wp:attachment":[{"href":"https:\/\/eatemotions.de\/index.php?rest_route=%2Fwp%2Fv2%2Fmedia&parent=347"}],"wp:term":[{"taxonomy":"product_brand","embeddable":true,"href":"https:\/\/eatemotions.de\/index.php?rest_route=%2Fwp%2Fv2%2Fproduct_brand&post=347"},{"taxonomy":"product_cat","embeddable":true,"href":"https:\/\/eatemotions.de\/index.php?rest_route=%2Fwp%2Fv2%2Fproduct_cat&post=347"},{"taxonomy":"product_tag","embeddable":true,"href":"https:\/\/eatemotions.de\/index.php?rest_route=%2Fwp%2Fv2%2Fproduct_tag&post=347"}],"curies":[{"name":"wp","href":"https:\/\/api.w.org\/{rel}","templated":true}]}}