{"id":371,"date":"2020-10-30T18:52:32","date_gmt":"2020-10-30T16:52:32","guid":{"rendered":"https:\/\/eatemotions.de\/?post_type=product&#038;p=371"},"modified":"2024-09-05T09:16:23","modified_gmt":"2024-09-05T07:16:23","slug":"exquisite-nordic-flair-skandinavische-wuerzmischung-300g","status":"publish","type":"product","link":"https:\/\/eatemotions.de\/?product=exquisite-nordic-flair-skandinavische-wuerzmischung-300g","title":{"rendered":"Exquisite Nordic Flair, Skandinavische W\u00fcrzmischung 270g"},"content":{"rendered":"<h1 class=\"product_name\">Exquisite Nordic Flair<\/h1>\n<h1 class=\"product_name\">Skandinavische W\u00fcrzmischung<\/h1>\n<p>Getragen von rauen Winden, f\u00fchrt die Reise ins skandinavische Nordmeer, zwischen die K\u00fcsten Islands und Norwegens. Nordic Flair, die skandinavische W\u00fcrzmischung, findet dort seinen Ursprung und erfrischt auf die kraftvolle und zugleich mystische Art der Normannen Nordic Flair vereint salzigen Seetang mit herben Kr\u00e4henbeeren. Dezent scharf dank Bitterfenchel und Wacholder, ist es kulinarisch bestimmt f\u00fcr Fleisch, Fisch und Krustentiere sowie vegetarischen Kreatione und Eierspeisen.<\/p>\n<p>Skandinavische W\u00fcrzmischung. Zutaten: Meersalz, Voatsiperifery Pfeffer, Rote Bete, Rohrzucker, Kubebenpfeffer, Kr\u00e4henbeere, Kardamom, Wacholder, Nori Algen, Dill, Fenchel, Dillkraut\u00f6l, Nelken, Fenchel\u00f6l. Geschlossen und trocken lagern. Eigenschaften: Es m\u00fcssen keine N\u00e4hrwerte angegeben werden.<\/p>\n<p><strong>Geschmack: <\/strong>urspr\u00fcnglich nordisch, dezent scharf nach Voatsiperifery- und Kubebenpfeffer<\/p>\n<p><strong>Kulinarische Bestimmung:<\/strong> Fisch und Krustentiere, Wild und Wildgefl\u00fcgel, Rind, Kalb, hervorragend zu Leber, vegetarischen Kreationen und Eierspeisen<\/p>\n<h3 class=\"product-info__col-heading\">N\u00e4hrwerte<\/h3>\n<p>Menge pro 100 g<\/p>\n<ul id=\"naerwerte\" class=\"list-unstyled funktions-attribut\">\n<li><strong>Brennwert<\/strong> 736,0 kJ \/ 175,0 kcal<\/li>\n<li><strong>Fett<\/strong> 1,6 g<\/li>\n<li><strong>davon ges\u00e4ttigte Fetts\u00e4uren<\/strong> 0,2 g<\/li>\n<li><strong>Kohlenhydrate<\/strong> 30,4 g<\/li>\n<li><strong>davon Zucker<\/strong> 28,0 g<\/li>\n<li><strong>Eiwei\u00dfgehalt<\/strong> 4,5 g<\/li>\n<li><strong>Salz<\/strong> 46,4 g<\/li>\n<\/ul>\n<p>Verantwortlicher Unternehmer: FRUTAROM Savory Solutions Germany GmbH, Eichendorffstr. 25, D-83395 Freilassing<\/p>\n<p>Grundpreis ( 100g \/ 10,70\u20ac )<\/p>\n<p>&nbsp;<\/p>\n","protected":false},"excerpt":{"rendered":"<p>Grundpreis ( 100g \/ 12,18\u20ac )<\/p>\n","protected":false},"featured_media":523,"comment_status":"open","ping_status":"closed","template":"","meta":[],"product_brand":[],"product_cat":[28],"product_tag":[],"class_list":{"0":"post-371","1":"product","2":"type-product","3":"status-publish","4":"has-post-thumbnail","6":"product_cat-gewuerze-oele","7":"product_shipping_class-kleinteile","9":"first","10":"instock","11":"taxable","12":"shipping-taxable","13":"purchasable","14":"product-type-simple"},"_links":{"self":[{"href":"https:\/\/eatemotions.de\/index.php?rest_route=\/wp\/v2\/product\/371","targetHints":{"allow":["GET"]}}],"collection":[{"href":"https:\/\/eatemotions.de\/index.php?rest_route=\/wp\/v2\/product"}],"about":[{"href":"https:\/\/eatemotions.de\/index.php?rest_route=\/wp\/v2\/types\/product"}],"replies":[{"embeddable":true,"href":"https:\/\/eatemotions.de\/index.php?rest_route=%2Fwp%2Fv2%2Fcomments&post=371"}],"wp:featuredmedia":[{"embeddable":true,"href":"https:\/\/eatemotions.de\/index.php?rest_route=\/wp\/v2\/media\/523"}],"wp:attachment":[{"href":"https:\/\/eatemotions.de\/index.php?rest_route=%2Fwp%2Fv2%2Fmedia&parent=371"}],"wp:term":[{"taxonomy":"product_brand","embeddable":true,"href":"https:\/\/eatemotions.de\/index.php?rest_route=%2Fwp%2Fv2%2Fproduct_brand&post=371"},{"taxonomy":"product_cat","embeddable":true,"href":"https:\/\/eatemotions.de\/index.php?rest_route=%2Fwp%2Fv2%2Fproduct_cat&post=371"},{"taxonomy":"product_tag","embeddable":true,"href":"https:\/\/eatemotions.de\/index.php?rest_route=%2Fwp%2Fv2%2Fproduct_tag&post=371"}],"curies":[{"name":"wp","href":"https:\/\/api.w.org\/{rel}","templated":true}]}}