{"id":508,"date":"2020-12-02T17:57:38","date_gmt":"2020-12-02T15:57:38","guid":{"rendered":"https:\/\/eatemotions.de\/?post_type=product&#038;p=508"},"modified":"2024-06-18T17:27:30","modified_gmt":"2024-06-18T15:27:30","slug":"wiberg-exquisite-forest-flair-gewuerzmischung-100g","status":"publish","type":"product","link":"https:\/\/eatemotions.de\/?product=wiberg-exquisite-forest-flair-gewuerzmischung-100g","title":{"rendered":"Wiberg Exquisite Forest Flair Gew\u00fcrzmischung 100g"},"content":{"rendered":"<p>Wiberg Exquisite Forest Flair 100g<\/p>\n<p>Forest Flair &#8211; Wald Gew\u00fcrzzubereitung. Zutaten: Gew\u00fcrze (Bergbohnenkraut, B\u00e4rlauch, Wacholder, rosa Pfeffer), Fichtennadeln, Meersalz, Steinpilzgranulat, Himbeergranulat, Zirben\u00f6l, Latschenkiefer\u00f6l. Trocken und gut verschlossen lagern. Eigenschaften: glutenfrei, Laktosefrei, Vegan.<\/p>\n<p><strong>Geschmack:<\/strong> authentisch aromatisch nach Bergbohnenkraut, Fichte, Zirbe und Latschenkiefer, herzhaft nach Steinpilzen, Wacholder und Himbeeren Verwendung: ideal zum W\u00fcrzen pikanter Speisen und Wildgerichten.<\/p>\n<p><strong>Kulinarische Bestimmung:<\/strong> ideal zum W\u00fcrzen pikanter Speisen und Wildgerichten<\/p>\n<p>Menge pro 100 g<\/p>\n<ul id=\"naerwerte\" class=\"list-unstyled funktions-attribut\">\n<li><strong>Brennwert<\/strong>\u00a0963,0 kJ \/ 229,0 kcal<\/li>\n<li><strong>Fett<\/strong>\u00a04,1 g<\/li>\n<li><strong>davon ges\u00e4ttigte Fetts\u00e4uren<\/strong> 0,5 g<\/li>\n<li><strong>Kohlenhydrate<\/strong> 31,0 g<\/li>\n<li><strong>davon Zucker<\/strong>\u00a019,0 g<\/li>\n<li><strong>Eiwei\u00dfgehalt<\/strong>\u00a011,0 g<\/li>\n<li><strong>Salz<\/strong>\u00a019,9 g<\/li>\n<\/ul>\n<p>Verantwortlicher Unternehmer: FRUTAROM Savory Solutions Germany GmbH, Eichendorffstr. 25, D-83395 Freilassing<\/p>\n<p>&nbsp;<\/p>\n","protected":false},"excerpt":{"rendered":"<p>Grundpreis 100g \/ 31,90\u20ac<\/p>\n","protected":false},"featured_media":522,"comment_status":"open","ping_status":"closed","template":"","meta":[],"product_brand":[],"product_cat":[28],"product_tag":[],"class_list":{"0":"post-508","1":"product","2":"type-product","3":"status-publish","4":"has-post-thumbnail","6":"product_cat-gewuerze-oele","8":"first","9":"instock","10":"taxable","11":"shipping-taxable","12":"purchasable","13":"product-type-simple"},"_links":{"self":[{"href":"https:\/\/eatemotions.de\/index.php?rest_route=\/wp\/v2\/product\/508","targetHints":{"allow":["GET"]}}],"collection":[{"href":"https:\/\/eatemotions.de\/index.php?rest_route=\/wp\/v2\/product"}],"about":[{"href":"https:\/\/eatemotions.de\/index.php?rest_route=\/wp\/v2\/types\/product"}],"replies":[{"embeddable":true,"href":"https:\/\/eatemotions.de\/index.php?rest_route=%2Fwp%2Fv2%2Fcomments&post=508"}],"wp:featuredmedia":[{"embeddable":true,"href":"https:\/\/eatemotions.de\/index.php?rest_route=\/wp\/v2\/media\/522"}],"wp:attachment":[{"href":"https:\/\/eatemotions.de\/index.php?rest_route=%2Fwp%2Fv2%2Fmedia&parent=508"}],"wp:term":[{"taxonomy":"product_brand","embeddable":true,"href":"https:\/\/eatemotions.de\/index.php?rest_route=%2Fwp%2Fv2%2Fproduct_brand&post=508"},{"taxonomy":"product_cat","embeddable":true,"href":"https:\/\/eatemotions.de\/index.php?rest_route=%2Fwp%2Fv2%2Fproduct_cat&post=508"},{"taxonomy":"product_tag","embeddable":true,"href":"https:\/\/eatemotions.de\/index.php?rest_route=%2Fwp%2Fv2%2Fproduct_tag&post=508"}],"curies":[{"name":"wp","href":"https:\/\/api.w.org\/{rel}","templated":true}]}}