{"id":510,"date":"2020-12-02T18:33:51","date_gmt":"2020-12-02T16:33:51","guid":{"rendered":"https:\/\/eatemotions.de\/?post_type=product&#038;p=510"},"modified":"2022-07-17T15:14:31","modified_gmt":"2022-07-17T13:14:31","slug":"kukki-cocktail-toaster-event-verleih","status":"publish","type":"product","link":"https:\/\/eatemotions.de\/?product=kukki-cocktail-toaster-event-verleih","title":{"rendered":"Kukki Cocktail Toaster Verleih + 24 Cocktails"},"content":{"rendered":"<div class=\"page\" title=\"Page 1\">\n<div class=\"layoutArea\">\n<div class=\"column\">\n<p>Auftauen statt Mixen: Innovative K\u00fchl-Technologie revolutioniert Cocktail-Catering<\/p>\n<\/div>\n<\/div>\n<\/div>\n<p>&nbsp;<\/p>\n<p>Eisgek\u00fchlt, fruchtig-frisch, servierfertig. So kommen die tiefgek\u00fchlten Flaschen-Cocktails namens kukki nach 30 Sekunden aus einem eigens entwickelten Toaster \u2013 Obstgarnitur und Eisw\u00fcrfel inklusive. Gastgewerbe- und Catering-Gr\u00f6\u00dfen Aramark, ibis oder die Cinemaxx Inhouse-Bars haben das Trend-Getr\u00e4nk des jungen Berliner Unternehmens kukki GmbH l\u00e4ngst f\u00fcr sich entdeckt. Sie z\u00e4hlen auf Premium-Barqualit\u00e4t ohne aufwendiges Zubeh\u00f6r.<\/p>\n<p>Sex on the Beach, Mojito, Guarna Grapefruit, El Presidente, Boston und Mule: F\u00fcr diese sechs Cocktail-Klassiker ben\u00f6tigt ein Barkeeper 22 verschiedene Zutaten sowie Eisw\u00fcrfel und Mix- Equipment \u2013 oder einfach sechs Flaschen kukki Cocktail.<\/p>\n<div class=\"page\" title=\"Page 2\">\n<div class=\"layoutArea\">\n<div class=\"column\">\n<p>Die frischen To-go-Drinks sind nicht nur lecker und schnell serviert, sie bed\u00fcrfen auch keinerlei logistischem Aufwand. Eisw\u00fcrfel- und Sp\u00fclmaschine, Saft- und Spirituosenauswahl, Schnittobst, Gl\u00e4ser \u2013 all das f\u00e4llt bei der integrierten Alternative von kukki weg. Und damit praktischerweise auch der Abfall und die Aufr\u00e4umarbeiten.<\/p>\n<\/div>\n<\/div>\n<\/div>\n<div class=\"page\" title=\"Page 1\">\n<div class=\"layoutArea\">\n<div class=\"column\">\n<p>Die Kukkis werden \u00a0mithilfe von Infrarotstrahlen in nur 30 Sekunden antaut. Die Glasflasche bleibt dabei genau wie die Eisw\u00fcrfel unversehrt.<\/p>\n<\/div>\n<\/div>\n<\/div>\n<p>&nbsp;<\/p>\n<p>Hier habt ihr die Chance auf ein cooles Erlebnis f\u00fcr euch Zuhause , oder auf einer Party oder f\u00fcr eurer Event . Der Toaster wird Verliehen f\u00fcr 48 Stunden incl. einer Mindestabnahme von 24 Cocktails in einer Mischkiste oder je nach Verf\u00fcgbarkeit Gemischte Flaschen Nach Wahl.<\/p>\n<p>PINK GRAPEFRUIT -ZITRUSFRUCHTIG &amp; FRISCH<br \/>\nInhalt: Fruchtwein, Pink Grapefruitsaft, Zitronensaft, Orangensaft, nat\u00fcrliches Grapefruitaroma, Guarana-Extrakt, frische Grapefruit\u00a0und Eis | 8,0% vol.<\/p>\n<p>WILD PASSION FRUIT &#8211; FRUCHTIG &amp; FRISCH<br \/>\nInhalt: Fruchtwein, Maracujasirup, Maracujasaft, Limettensaft, frische Minze\u00a0und Eis \u00a08% vol.<\/p>\n<p>MOJITO &#8211; MOJITO<br \/>\nInhalt: Wei\u00dfer Rum, Limetten-Minz-Lik\u00f6r, Zitronensaft, Limettensaft, frische Minze\u00a0und Eis | 14,1% vol.<\/p>\n<p>SEX ON THE BEACH &#8211; S\u00dcSS &amp; SAFTIG<br \/>\nInhalt: Wodka, Pfirsichlik\u00f6r, Ananassaft, Sauerkirschsaft und Orangensaft | 14,1% vol.<\/p>\n<p>EL PRESIDENTE &#8211; FRUCHTIG &amp; HERB<br \/>\nInhalt: Brauner Rum, Ananassaft, Limettensaft, Grenadinesirup, Sauerkirschsaft, frische Heidelbeeren\u00a0und Eis 14,1% vol.<\/p>\n<p>RED BERRY \u00a0&#8211; FRUCHTIG &amp; S\u00dcSS<br \/>\nInhalt: Fruchtwein, Heidelbeersirup, Cranberrysaftkonzentrat, Himbeersaftkonzentrat, schwarzes Johannisbeersaftkonzentrat\u00a0und Eis 8,0% vol.<\/p>\n<p>COLADA &#8211;<br \/>\nInhalt: Fruchtwein, Ananassaftkonzentrat, Kokossirup\u00a0und Eis 8,0% vol.<\/p>\n<p>&nbsp;<\/p>\n<p style=\"text-align: center;\"><strong>Der Toaster wird nicht versendet.<\/strong><\/p>\n<p style=\"text-align: center;\"><strong>Ich bitte euch mir vorher eine Anfrage zu stellen um sicher zu gehen , das der Toaster auch zur Verf\u00fcgung steht.<\/strong><\/p>\n<p>&nbsp;<\/p>\n","protected":false},"excerpt":{"rendered":"<p>Auftauen statt Mixen: Innovative K\u00fchl-Technologie revolutioniert Cocktail-Catering &nbsp; Eisgek\u00fchlt, fruchtig-frisch, servierfertig. So kommen die tiefgek\u00fchlten Flaschen-Cocktails namens kukki nach 30 Sekunden aus einem eigens entwickelten Toaster \u2013 Obstgarnitur und Eisw\u00fcrfel inklusive. Gastgewerbe- und Catering-Gr\u00f6\u00dfen Aramark, ibis oder die Cinemaxx Inhouse-Bars haben das Trend-Getr\u00e4nk des jungen Berliner Unternehmens kukki GmbH l\u00e4ngst f\u00fcr sich entdeckt. Sie z\u00e4hlen&hellip; <br \/> <a class=\"read-more\" href=\"https:\/\/eatemotions.de\/?product=kukki-cocktail-toaster-event-verleih\">Weiterlesen<\/a><\/p>\n","protected":false},"featured_media":511,"comment_status":"open","ping_status":"closed","template":"","meta":[],"product_brand":[],"product_cat":[37],"product_tag":[],"class_list":{"0":"post-510","1":"product","2":"type-product","3":"status-publish","4":"has-post-thumbnail","6":"product_cat-kukki-cocktail","8":"first","9":"onbackorder","10":"virtual","11":"taxable","12":"purchasable","13":"product-type-simple"},"_links":{"self":[{"href":"https:\/\/eatemotions.de\/index.php?rest_route=\/wp\/v2\/product\/510","targetHints":{"allow":["GET"]}}],"collection":[{"href":"https:\/\/eatemotions.de\/index.php?rest_route=\/wp\/v2\/product"}],"about":[{"href":"https:\/\/eatemotions.de\/index.php?rest_route=\/wp\/v2\/types\/product"}],"replies":[{"embeddable":true,"href":"https:\/\/eatemotions.de\/index.php?rest_route=%2Fwp%2Fv2%2Fcomments&post=510"}],"wp:featuredmedia":[{"embeddable":true,"href":"https:\/\/eatemotions.de\/index.php?rest_route=\/wp\/v2\/media\/511"}],"wp:attachment":[{"href":"https:\/\/eatemotions.de\/index.php?rest_route=%2Fwp%2Fv2%2Fmedia&parent=510"}],"wp:term":[{"taxonomy":"product_brand","embeddable":true,"href":"https:\/\/eatemotions.de\/index.php?rest_route=%2Fwp%2Fv2%2Fproduct_brand&post=510"},{"taxonomy":"product_cat","embeddable":true,"href":"https:\/\/eatemotions.de\/index.php?rest_route=%2Fwp%2Fv2%2Fproduct_cat&post=510"},{"taxonomy":"product_tag","embeddable":true,"href":"https:\/\/eatemotions.de\/index.php?rest_route=%2Fwp%2Fv2%2Fproduct_tag&post=510"}],"curies":[{"name":"wp","href":"https:\/\/api.w.org\/{rel}","templated":true}]}}