{"id":532,"date":"2020-12-11T17:38:01","date_gmt":"2020-12-11T15:38:01","guid":{"rendered":"https:\/\/eatemotions.de\/?post_type=product&#038;p=532"},"modified":"2024-06-18T17:25:30","modified_gmt":"2024-06-18T15:25:30","slug":"wiberg-sweet-sauce-salty-karamell-ursalz-500ml","status":"publish","type":"product","link":"https:\/\/eatemotions.de\/?product=wiberg-sweet-sauce-salty-karamell-ursalz-500ml","title":{"rendered":"Wiberg Sweet Sauce Salty Karamell &#038; Ursalz 500ml"},"content":{"rendered":"<p>Wiberg Sweet Sauce Salty Karamell &amp; Ursalz 500ml<\/p>\n<p>S\u00fc\u00df und salzig \u2013 eine kulinarische Verbindung, die den beliebten Trend zur Kombination einander widersprechender Geschmacksrichtungen aufgreift. Feines Karamell mit dezenter Ursalznote macht einfach unwiderstehlich.<\/p>\n<div><\/div>\n<div>Unser TIPP: Foaming \u2013 Sahne\/Obers und s\u00fc\u00dfe Sauce mischen und im Sahnesiphon aufschlagen.<\/div>\n<div>oder Im Kaffee als Topping auch super geeignet<\/div>\n<div><\/div>\n<p>S\u00fc\u00dfe Sauce mit Karamell und Salz. Zutaten: Invertzuckersirup, Trinkwasser, Zucker, SAHNEPULVER, modifizierte St\u00e4rke, 0,9% Karamellpulver (63% Karamellzuckersirup, Maltodextrin), 0,8% Salz, Aroma, Zitronensaftpulver, Konservierungsstoffe: Kaliumsorbat, Natriumbenzoat. K\u00fchl und lichtgesch\u00fctzt lagern.<br \/>\nAllergene enthalten: Milch<\/p>\n<p><strong>Geschmack<\/strong>: s\u00fc\u00dflich cremig nach Karamell mit dezenter Ursalznote<\/p>\n<p><strong>Kulinarische Bestimmung :\u00a0<\/strong>von Eisbechern, Sorbets, Parfaits, Mousse, Torten, Kuchen, Pancakes, Palatschinken und vielen weiteren Dessertkreationen<\/p>\n<p>Menge pro 100 g<\/p>\n<ul id=\"naerwerte\" class=\"list-unstyled funktions-attribut\">\n<li><strong>Brennwert<\/strong>\u00a01.105,0 kJ \/ 262,0 kcal<\/li>\n<li><strong>Fett<\/strong>\u00a05,1 g<\/li>\n<li><strong>davon ges\u00e4ttigte Fetts\u00e4uren<\/strong>\u00a03,1 g<\/li>\n<li><strong>Kohlenhydrate<\/strong>\u00a051,3 g<\/li>\n<li><strong>davon Zucker<\/strong>\u00a049,0 g<\/li>\n<li><strong>Eiwei\u00dfgehalt<\/strong>\u00a02,6 g<\/li>\n<li><strong>Salz<\/strong>\u00a00,93 g<\/li>\n<\/ul>\n<p>Verantwortlicher Unternehmer: FRUTAROM Savory Solutions Germany GmbH, Eichendorffstr. 25, D-83395 Freilassing<\/p>\n<p>&nbsp;<\/p>\n","protected":false},"excerpt":{"rendered":"<p>Grundpreis 100ml \/ 1,58\u20ac<\/p>\n","protected":false},"featured_media":525,"comment_status":"open","ping_status":"closed","template":"","meta":[],"product_brand":[],"product_cat":[28],"product_tag":[],"class_list":{"0":"post-532","1":"product","2":"type-product","3":"status-publish","4":"has-post-thumbnail","6":"product_cat-gewuerze-oele","8":"first","9":"instock","10":"taxable","11":"shipping-taxable","12":"purchasable","13":"product-type-simple"},"_links":{"self":[{"href":"https:\/\/eatemotions.de\/index.php?rest_route=\/wp\/v2\/product\/532","targetHints":{"allow":["GET"]}}],"collection":[{"href":"https:\/\/eatemotions.de\/index.php?rest_route=\/wp\/v2\/product"}],"about":[{"href":"https:\/\/eatemotions.de\/index.php?rest_route=\/wp\/v2\/types\/product"}],"replies":[{"embeddable":true,"href":"https:\/\/eatemotions.de\/index.php?rest_route=%2Fwp%2Fv2%2Fcomments&post=532"}],"wp:featuredmedia":[{"embeddable":true,"href":"https:\/\/eatemotions.de\/index.php?rest_route=\/wp\/v2\/media\/525"}],"wp:attachment":[{"href":"https:\/\/eatemotions.de\/index.php?rest_route=%2Fwp%2Fv2%2Fmedia&parent=532"}],"wp:term":[{"taxonomy":"product_brand","embeddable":true,"href":"https:\/\/eatemotions.de\/index.php?rest_route=%2Fwp%2Fv2%2Fproduct_brand&post=532"},{"taxonomy":"product_cat","embeddable":true,"href":"https:\/\/eatemotions.de\/index.php?rest_route=%2Fwp%2Fv2%2Fproduct_cat&post=532"},{"taxonomy":"product_tag","embeddable":true,"href":"https:\/\/eatemotions.de\/index.php?rest_route=%2Fwp%2Fv2%2Fproduct_tag&post=532"}],"curies":[{"name":"wp","href":"https:\/\/api.w.org\/{rel}","templated":true}]}}