{"id":534,"date":"2020-12-11T17:44:47","date_gmt":"2020-12-11T15:44:47","guid":{"rendered":"https:\/\/eatemotions.de\/?post_type=product&#038;p=534"},"modified":"2024-06-18T17:24:53","modified_gmt":"2024-06-18T15:24:53","slug":"wiberg-sweet-sauce-schoko-kardamon-500ml","status":"publish","type":"product","link":"https:\/\/eatemotions.de\/?product=wiberg-sweet-sauce-schoko-kardamon-500ml","title":{"rendered":"Wiberg Sweet Sauce Schoko &#038; Kardamon 500ml"},"content":{"rendered":"<p>Wiberg Sweet Sauce Schoko &amp; Kardamon 500ml<\/p>\n<p>Es hei\u00dft, Liebe gehe durch den Magen. Dem stimmen wir eindeutig zu, denn die fein-w\u00fcrzige Sch\u00e4rfe des Kardamoms im Newcomer hinterl\u00e4sst ein leichtes Prickeln, zwar nicht im Bauch, aber auf der Zunge. Und der unwiderstehliche Geschmack nach Zartbitterschokolade l\u00e4sst Genuss-Herzen h\u00f6herschlagen. Quick, aber nicht dirty lassen sich die s\u00fc\u00dfen Saucen vielseitig einsetzen.<\/p>\n<p>Unser TIPP: Finishing \u2013 direkt aus der Flasche auf Dessert und Teller<\/p>\n<p>S\u00fc\u00dfe Sauce mit Kakao und Kardamom. Zutaten: Trinkwasser, Invertzuckersirup, 15% Kakao, Raps\u00f6l, Kardamom, Verdickungsmittel: Guarkernmehl, Johannisbrotkernmehl, Salz, Konservierungsstoffe: Kaliumsorbat, Natriumbenzoat. K\u00fchl und lichtgesch\u00fctzt lagern. Eigenschaften: glutenfrei.<\/p>\n<p>Geschmack: nach Zartbitterschokolade und feinem Kardamom Verwendung: zum Verfeinern von Eisbechern, Sorbets, Parfaits, Mousse, Torten, Kuchen, Pancakes, Palatschinken und vielen weiteren Dessertkreationen<\/p>\n<p>Menge pro 100 g<\/p>\n<ul id=\"naerwerte\" class=\"list-unstyled funktions-attribut\">\n<li><strong>Brennwert<\/strong>\u00a0788,0 kJ \/ 178,0 kcal<\/li>\n<li><strong>Fett<\/strong>\u00a04,7 g<\/li>\n<li><strong>davon ges\u00e4ttigte Fetts\u00e4uren<\/strong>\u00a02,0 g<\/li>\n<li><strong>Kohlenhydrate<\/strong> 31,0 g<\/li>\n<li><strong>davon Zucker<\/strong>\u00a029,0 g<\/li>\n<li><strong>Eiwei\u00dfgehalt<\/strong>\u00a03,0 g<\/li>\n<li><strong>Salz<\/strong>\u00a00,45 g<\/li>\n<\/ul>\n<p>Verantwortlicher Unternehmer: FRUTAROM Savory Solutions Germany GmbH, Eichendorffstr. 25, D-83395 Freilassing<\/p>\n<p>&nbsp;<\/p>\n","protected":false},"excerpt":{"rendered":"<p>Grundpreis 100ml \/ 1,58\u20ac<\/p>\n","protected":false},"featured_media":526,"comment_status":"open","ping_status":"closed","template":"","meta":[],"product_brand":[],"product_cat":[28],"product_tag":[],"class_list":{"0":"post-534","1":"product","2":"type-product","3":"status-publish","4":"has-post-thumbnail","6":"product_cat-gewuerze-oele","8":"first","9":"instock","10":"taxable","11":"shipping-taxable","12":"purchasable","13":"product-type-simple"},"_links":{"self":[{"href":"https:\/\/eatemotions.de\/index.php?rest_route=\/wp\/v2\/product\/534","targetHints":{"allow":["GET"]}}],"collection":[{"href":"https:\/\/eatemotions.de\/index.php?rest_route=\/wp\/v2\/product"}],"about":[{"href":"https:\/\/eatemotions.de\/index.php?rest_route=\/wp\/v2\/types\/product"}],"replies":[{"embeddable":true,"href":"https:\/\/eatemotions.de\/index.php?rest_route=%2Fwp%2Fv2%2Fcomments&post=534"}],"wp:featuredmedia":[{"embeddable":true,"href":"https:\/\/eatemotions.de\/index.php?rest_route=\/wp\/v2\/media\/526"}],"wp:attachment":[{"href":"https:\/\/eatemotions.de\/index.php?rest_route=%2Fwp%2Fv2%2Fmedia&parent=534"}],"wp:term":[{"taxonomy":"product_brand","embeddable":true,"href":"https:\/\/eatemotions.de\/index.php?rest_route=%2Fwp%2Fv2%2Fproduct_brand&post=534"},{"taxonomy":"product_cat","embeddable":true,"href":"https:\/\/eatemotions.de\/index.php?rest_route=%2Fwp%2Fv2%2Fproduct_cat&post=534"},{"taxonomy":"product_tag","embeddable":true,"href":"https:\/\/eatemotions.de\/index.php?rest_route=%2Fwp%2Fv2%2Fproduct_tag&post=534"}],"curies":[{"name":"wp","href":"https:\/\/api.w.org\/{rel}","templated":true}]}}