{"id":539,"date":"2020-12-11T17:57:57","date_gmt":"2020-12-11T15:57:57","guid":{"rendered":"https:\/\/eatemotions.de\/?post_type=product&#038;p=539"},"modified":"2024-06-18T17:24:09","modified_gmt":"2024-06-18T15:24:09","slug":"wiberg-sweet-sauce-erdbeere-limette-500ml","status":"publish","type":"product","link":"https:\/\/eatemotions.de\/?product=wiberg-sweet-sauce-erdbeere-limette-500ml","title":{"rendered":"Wiberg Sweet Sauce Erdbeere &#038; Limette 500ml"},"content":{"rendered":"<p>Wiberg Sweet Sauce Erdbeere &amp; Limette 500ml<\/p>\n<p>S\u00fc\u00dfe Sauce mit Erdbeerp\u00fcree und Limettengeschmack. Zutaten: 35% Erdbeerp\u00fcree, Zucker, Invertzuckersirup, f\u00e4rbende Lebensmittel (Konzentrate aus Hibiskus, Rettich, Apfel, schwarze Johannisbeere), nat\u00fcrliches Limetten-Aroma, nat\u00fcrliches Aroma, Zitronensaftpulver, modifizierte St\u00e4rke, Verdickungsmittel: Xanthan, Konservierungsstoffe: Kaliumsorbat, Natriumbenzoat. K\u00fchl und lichtgesch\u00fctzt lagern.<\/p>\n<p><strong>Geschmack:<\/strong> fruchtig s\u00fc\u00df nach Erdbeere mit einem erfrischenden Hauch von Limette<\/p>\n<p><strong>Verwendung:<\/strong> zum Verfeinern von Eisbechern, Sorbets, Parfaits, Mousse, Torten, Kuchen, Pancakes, Palatschinken und vielen weiteren Dessertkreationen<\/p>\n<p>Menge pro 100 g<\/p>\n<ul id=\"naerwerte\" class=\"list-unstyled funktions-attribut\">\n<li><strong>Brennwert<\/strong>\u00a0993,0 kJ \/ 235,0 kcal<\/li>\n<li><strong>Fett<\/strong>\u00a00,1 g<\/li>\n<li><strong>davon ges\u00e4ttigte Fetts\u00e4uren<\/strong>\u00a00,0 g<\/li>\n<li><strong>Kohlenhydrate<\/strong>\u00a058,0 g<\/li>\n<li><strong>davon Zucker<\/strong>\u00a057,0 g<\/li>\n<li><strong>Eiwei\u00dfgehalt<\/strong>\u00a00,3 g<\/li>\n<li><strong>Salz<\/strong>\u00a00,08 g<\/li>\n<\/ul>\n<p>Verantwortlicher Unternehmer: FRUTAROM Savory Solutions Germany GmbH, Eichendorffstr. 25, D-83395 Freilassing<\/p>\n","protected":false},"excerpt":{"rendered":"<p style=\"text-align: left;\">Grundpreis 100g \/ 1,58\u20ac<\/p>\n","protected":false},"featured_media":527,"comment_status":"open","ping_status":"closed","template":"","meta":[],"product_brand":[],"product_cat":[28],"product_tag":[],"class_list":{"0":"post-539","1":"product","2":"type-product","3":"status-publish","4":"has-post-thumbnail","6":"product_cat-gewuerze-oele","8":"first","9":"instock","10":"taxable","11":"shipping-taxable","12":"purchasable","13":"product-type-simple"},"_links":{"self":[{"href":"https:\/\/eatemotions.de\/index.php?rest_route=\/wp\/v2\/product\/539","targetHints":{"allow":["GET"]}}],"collection":[{"href":"https:\/\/eatemotions.de\/index.php?rest_route=\/wp\/v2\/product"}],"about":[{"href":"https:\/\/eatemotions.de\/index.php?rest_route=\/wp\/v2\/types\/product"}],"replies":[{"embeddable":true,"href":"https:\/\/eatemotions.de\/index.php?rest_route=%2Fwp%2Fv2%2Fcomments&post=539"}],"wp:featuredmedia":[{"embeddable":true,"href":"https:\/\/eatemotions.de\/index.php?rest_route=\/wp\/v2\/media\/527"}],"wp:attachment":[{"href":"https:\/\/eatemotions.de\/index.php?rest_route=%2Fwp%2Fv2%2Fmedia&parent=539"}],"wp:term":[{"taxonomy":"product_brand","embeddable":true,"href":"https:\/\/eatemotions.de\/index.php?rest_route=%2Fwp%2Fv2%2Fproduct_brand&post=539"},{"taxonomy":"product_cat","embeddable":true,"href":"https:\/\/eatemotions.de\/index.php?rest_route=%2Fwp%2Fv2%2Fproduct_cat&post=539"},{"taxonomy":"product_tag","embeddable":true,"href":"https:\/\/eatemotions.de\/index.php?rest_route=%2Fwp%2Fv2%2Fproduct_tag&post=539"}],"curies":[{"name":"wp","href":"https:\/\/api.w.org\/{rel}","templated":true}]}}