{"id":563,"date":"2020-12-19T15:06:27","date_gmt":"2020-12-19T13:06:27","guid":{"rendered":"https:\/\/eatemotions.de\/?post_type=product&#038;p=563"},"modified":"2021-08-04T19:14:26","modified_gmt":"2021-08-04T17:14:26","slug":"tortuga-style-hamburg-kochjacke-xs-2xl","status":"publish","type":"product","link":"https:\/\/eatemotions.de\/?product=tortuga-style-hamburg-kochjacke-xs-2xl","title":{"rendered":"Tortuga Style Hamburg Kochjacke XS-2XL"},"content":{"rendered":"<p><strong>EatEmotions und Tortuga Style Hamburg in Cooperation<\/strong><\/p>\n<p>Exklusiv , Einzigartig und individuell sind EatEmotions und Tortuga Style Hamburg.<\/p>\n<p><strong>Ich bin mega Stolz<\/strong> Teil dieses Projektes zu sein und ihr k\u00f6nnt \u00a0Exklusiv \u00a0bei mir \u00a0die Streng Limitierten Kochjacken bestellen.<\/p>\n<p>F\u00fcr unsere Kulinarischen Freunde eine limitierte Kochjacken Kollektion auf nur 199 St\u00fcck<span class=\"pq6dq46d tbxw36s4 knj5qynh kvgmc6g5 ditlmg2l oygrvhab nvdbi5me sf5mxxl7 gl3lb2sf hhz5lgdu\"><img loading=\"lazy\" decoding=\"async\" src=\"https:\/\/static.xx.fbcdn.net\/images\/emoji.php\/v9\/t40\/1\/16\/261d.png\" alt=\"\u261d\ufe0f\" width=\"16\" height=\"16\" \/><\/span>in Zusammenarbeit mit @kentaur_chefwear @workersfriend @tortugastyleexklusiv<\/p>\n<p><strong>Jede Jacke ist ein Einzelst\u00fcck, mit den Initialien vom Tr\u00e4ger bestickt, durchnummeriert und streng auf 199 St\u00fcck limitiert.<\/strong><\/p>\n<p>Tragbar f\u00fcr Damen und Herren, in der K\u00fcche, am Grill, im Service auf jeden Fall ein Blickfang, individueller geht\u00b4s kaum. Als Grundmodell dient das Kochhemd 23515 von Kentaur A\/S.<\/p>\n<p>Merkmale der Tortuga Style Hamburg Kochjacke sind:<\/p>\n<ul>\n<li>Kombination aus klassischer Kochjacke und modischer Servicejacke mit individueller Bestickung<\/li>\n<li>Tortuga Style Design &#8211; optimale Passform<\/li>\n<li>Unisex-Modell<\/li>\n<li>Stehkragen<\/li>\n<li>verdeckte Druckknopfleiste<\/li>\n<li>1 sichtbarer Druckknopf oben<\/li>\n<li>Lasche zum Fixieren des Sch\u00fcrzenbandes am Kragen<\/li>\n<li>praktischer Pull-up-\u00c4rmel<\/li>\n<li>Manschetten<\/li>\n<li>ergonomischer \u00c4rmelschnitt verhindert Hochrutschen der Jacke<\/li>\n<li>zweigeteilte Stifttasche am linken \u00c4rmel<\/li>\n<li>R\u00fcckenabn\u00e4her f\u00fcr schmale Silhouette<\/li>\n<li>Seitenschlitze<\/li>\n<\/ul>\n<p>Material: 65% Polyester, 35% Baumwolle, 175 g\/m\u00b2<br \/>\nFarbe: schwarz<br \/>\nLieferbare Gr\u00f6\u00dfen: XS bis 2XL<\/p>\n<p>Lieferzeit betr\u00e4gt ca. 3 -7 Tagen<\/p>\n<p><strong>Bitte bei der Bestellung im Feld Anmerkungen die Gr\u00f6\u00dfe eintragen\u00a0<\/strong><\/p>\n<p><strong>Auf Anfrage auch in wei\u00df !<\/strong><\/p>\n<table width=\"529\" cellspacing=\"0\" cellpadding=\"2\" bgcolor=\"#efefef\">\n<tbody>\n<tr>\n<td width=\"86\"><strong>Bestellgr\u00f6\u00dfe<\/strong><\/td>\n<td width=\"35\"><\/td>\n<td width=\"23\"><strong>XS<\/strong><\/td>\n<td width=\"19\"><strong>S<\/strong><\/td>\n<td width=\"19\"><strong>M<\/strong><\/td>\n<td width=\"19\"><strong>L<\/strong><\/td>\n<td width=\"24\"><strong>XL<\/strong><\/td>\n<td width=\"35\"><strong>XXL<\/strong><\/td>\n<td width=\"32\"><strong>3XL<\/strong><\/td>\n<td width=\"34\"><strong>4XL<\/strong><\/td>\n<\/tr>\n<tr>\n<td width=\"86\">Herrengr\u00f6\u00dfe<\/td>\n<td width=\"35\"><\/td>\n<td width=\"23\">42<\/td>\n<td width=\"19\">46<\/td>\n<td width=\"19\">50<\/td>\n<td width=\"19\">54<\/td>\n<td width=\"24\">60<\/td>\n<td width=\"35\">64<\/td>\n<td width=\"32\">68<\/td>\n<td width=\"34\">74<\/td>\n<\/tr>\n<tr>\n<td width=\"86\">Damengr\u00f6\u00dfe<\/td>\n<td width=\"35\"><\/td>\n<td width=\"23\">36<\/td>\n<td width=\"19\">40<\/td>\n<td width=\"19\">44<\/td>\n<td width=\"19\">46<\/td>\n<td width=\"24\">50<\/td>\n<td width=\"35\">54<\/td>\n<td width=\"32\">56<\/td>\n<td width=\"34\">60<\/td>\n<\/tr>\n<\/tbody>\n<\/table>\n<p>&nbsp;<\/p>\n","protected":false},"excerpt":{"rendered":"<p>EatEmotions und Tortuga Style Hamburg in Cooperation Exklusiv , Einzigartig und individuell sind EatEmotions und Tortuga Style Hamburg. Ich bin mega Stolz Teil dieses Projektes zu sein und ihr k\u00f6nnt \u00a0Exklusiv \u00a0bei mir \u00a0die Streng Limitierten Kochjacken bestellen. F\u00fcr unsere Kulinarischen Freunde eine limitierte Kochjacken Kollektion auf nur 199 St\u00fcckin Zusammenarbeit mit @kentaur_chefwear @workersfriend @tortugastyleexklusiv&hellip; <br \/> <a class=\"read-more\" href=\"https:\/\/eatemotions.de\/?product=tortuga-style-hamburg-kochjacke-xs-2xl\">Weiterlesen<\/a><\/p>\n","protected":false},"featured_media":593,"comment_status":"open","ping_status":"closed","template":"","meta":[],"product_brand":[],"product_cat":[38],"product_tag":[40,39],"class_list":{"0":"post-563","1":"product","2":"type-product","3":"status-publish","4":"has-post-thumbnail","6":"product_cat-tortuga-style-hamburg-kochjacke","7":"product_tag-individuell","8":"product_tag-kochjacke","9":"product_shipping_class-kleinteile","11":"first","12":"onbackorder","13":"taxable","14":"shipping-taxable","15":"purchasable","16":"product-type-simple"},"_links":{"self":[{"href":"https:\/\/eatemotions.de\/index.php?rest_route=\/wp\/v2\/product\/563","targetHints":{"allow":["GET"]}}],"collection":[{"href":"https:\/\/eatemotions.de\/index.php?rest_route=\/wp\/v2\/product"}],"about":[{"href":"https:\/\/eatemotions.de\/index.php?rest_route=\/wp\/v2\/types\/product"}],"replies":[{"embeddable":true,"href":"https:\/\/eatemotions.de\/index.php?rest_route=%2Fwp%2Fv2%2Fcomments&post=563"}],"wp:featuredmedia":[{"embeddable":true,"href":"https:\/\/eatemotions.de\/index.php?rest_route=\/wp\/v2\/media\/593"}],"wp:attachment":[{"href":"https:\/\/eatemotions.de\/index.php?rest_route=%2Fwp%2Fv2%2Fmedia&parent=563"}],"wp:term":[{"taxonomy":"product_brand","embeddable":true,"href":"https:\/\/eatemotions.de\/index.php?rest_route=%2Fwp%2Fv2%2Fproduct_brand&post=563"},{"taxonomy":"product_cat","embeddable":true,"href":"https:\/\/eatemotions.de\/index.php?rest_route=%2Fwp%2Fv2%2Fproduct_cat&post=563"},{"taxonomy":"product_tag","embeddable":true,"href":"https:\/\/eatemotions.de\/index.php?rest_route=%2Fwp%2Fv2%2Fproduct_tag&post=563"}],"curies":[{"name":"wp","href":"https:\/\/api.w.org\/{rel}","templated":true}]}}