{"id":903,"date":"2021-09-12T15:52:04","date_gmt":"2021-09-12T13:52:04","guid":{"rendered":"https:\/\/eatemotions.de\/?post_type=product&#038;p=903"},"modified":"2024-06-18T17:21:04","modified_gmt":"2024-06-18T15:21:04","slug":"wiberg-gomashio-grob-wuerzmischung-280g","status":"publish","type":"product","link":"https:\/\/eatemotions.de\/?product=wiberg-gomashio-grob-wuerzmischung-280g","title":{"rendered":"Wiberg Gomashio grob W\u00fcrzmischung 280g"},"content":{"rendered":"<div class=\"content--title\">&#8222;Wiberg Gomashio grob W\u00fcrzmischung 280g Tresor&#8220;<\/div>\n<div><\/div>\n<div class=\"product--description\">\n<p>Gomashio ist ein typisches Gew\u00fcrz aus der japanischen K\u00fcche. Die Gomashio W\u00fcrzmischung aus ger\u00f6stetem Sesam verleiht dem Gericht nicht nur den klassisch nussigen Geschmack, sondern sorgt durch die naturbelassene grobe K\u00f6rnung auch f\u00fcr \u00c4sthetik auf dem Teller. W\u00fcrzmischung Gomashio ein typisches Gew\u00fcrz in der japanischen K\u00fcche. Zudem ist es beliebt in der gesunden K\u00fcche, da es den Speisen trotz des geringen Anteils an Meersalzflocken eine angenehme, delikate W\u00fcrze verleiht. Ideal f\u00fcr Salate, Gem\u00fcse, Kartoffeln, Reisgerichte, Fisch, Fleisch, Dip-Saucen, <strong>vegetarische <\/strong>und <strong>vegane <\/strong>Gerichte.<\/p>\n<p><strong>WIBERG \u00c0 la Carte <\/strong>Gomashio grob W\u00fcrzmischung aus dem Wiberg \u00c0 la Carte <strong>Sortiment<\/strong> wird im <strong>WIBERG AROMATRESOR <\/strong>geliefert. Dieser Sch\u00fctzt optimal Ihre Gew\u00fcrze wie auch Gew\u00fcrzmischungen vor Aromaverlust, Licht, und Fremdger\u00fcchen in der K\u00fcche sowie Feuchtigkeit.<\/p>\n<p><strong>Geschmack:<\/strong> nach ger\u00f6stetem Sesam mit feiner Salznote<\/p>\n<p><strong>Kulinarische Bestimmung:<\/strong> ideal f\u00fcr Salate, Gem\u00fcse, Kartoffeln, Reisgerichte, Fisch, Fleisch, Dip-Saucen, vegetarische und vegane Gerichte<\/p>\n<h5><strong>ZUTATEN:<\/strong><\/h5>\n<p>43,5 % Sesam ger\u00f6stet, 22 % Sesam gesch\u00e4lt, Schwarzk\u00fcmmel, Meersalzflocken, Zwiebel, Koriander, Ingwer, Sesam\u00f6l<\/p>\n<p>Menge pro 100 g<\/p>\n<ul id=\"naerwerte\" class=\"list-unstyled funktions-attribut\">\n<li><strong>Brennwert<\/strong>\u00a02155,0 kJ \/ 513,0 kcal<\/li>\n<li><strong>Fett<\/strong>\u00a040,0 g<\/li>\n<li><strong>davon ges\u00e4ttigte Fetts\u00e4uren<\/strong>\u00a04,9 g<\/li>\n<li><strong>Kohlenhydrate<\/strong>\u00a017,0 g<\/li>\n<li><strong>davon Zucker<\/strong>\u00a04,7 g<\/li>\n<li><strong>Eiwei\u00dfgehalt<\/strong>\u00a016,0 g<\/li>\n<li><strong>Salz<\/strong>\u00a05,9 g<\/li>\n<\/ul>\n<p>Verantwortlicher Unternehmer: FRUTAROM Savory Solutions Germany GmbH, Eichendorffstr. 25, D-83395 Freilassing<\/p>\n<p>&nbsp;<\/p>\n<\/div>\n","protected":false},"excerpt":{"rendered":"<p>Grundpreis 1kg \/ 71,07\u20ac<\/p>\n","protected":false},"featured_media":904,"comment_status":"open","ping_status":"closed","template":"","meta":[],"product_brand":[],"product_cat":[28],"product_tag":[],"class_list":{"0":"post-903","1":"product","2":"type-product","3":"status-publish","4":"has-post-thumbnail","6":"product_cat-gewuerze-oele","8":"first","9":"instock","10":"taxable","11":"shipping-taxable","12":"purchasable","13":"product-type-simple"},"_links":{"self":[{"href":"https:\/\/eatemotions.de\/index.php?rest_route=\/wp\/v2\/product\/903","targetHints":{"allow":["GET"]}}],"collection":[{"href":"https:\/\/eatemotions.de\/index.php?rest_route=\/wp\/v2\/product"}],"about":[{"href":"https:\/\/eatemotions.de\/index.php?rest_route=\/wp\/v2\/types\/product"}],"replies":[{"embeddable":true,"href":"https:\/\/eatemotions.de\/index.php?rest_route=%2Fwp%2Fv2%2Fcomments&post=903"}],"wp:featuredmedia":[{"embeddable":true,"href":"https:\/\/eatemotions.de\/index.php?rest_route=\/wp\/v2\/media\/904"}],"wp:attachment":[{"href":"https:\/\/eatemotions.de\/index.php?rest_route=%2Fwp%2Fv2%2Fmedia&parent=903"}],"wp:term":[{"taxonomy":"product_brand","embeddable":true,"href":"https:\/\/eatemotions.de\/index.php?rest_route=%2Fwp%2Fv2%2Fproduct_brand&post=903"},{"taxonomy":"product_cat","embeddable":true,"href":"https:\/\/eatemotions.de\/index.php?rest_route=%2Fwp%2Fv2%2Fproduct_cat&post=903"},{"taxonomy":"product_tag","embeddable":true,"href":"https:\/\/eatemotions.de\/index.php?rest_route=%2Fwp%2Fv2%2Fproduct_tag&post=903"}],"curies":[{"name":"wp","href":"https:\/\/api.w.org\/{rel}","templated":true}]}}