{"id":906,"date":"2021-09-12T16:03:14","date_gmt":"2021-09-12T14:03:14","guid":{"rendered":"https:\/\/eatemotions.de\/?post_type=product&#038;p=906"},"modified":"2024-06-18T17:22:05","modified_gmt":"2024-06-18T15:22:05","slug":"wiberg-shichimi-togarashi-grob-wuerzmischung-200g","status":"publish","type":"product","link":"https:\/\/eatemotions.de\/?product=wiberg-shichimi-togarashi-grob-wuerzmischung-200g","title":{"rendered":"Wiberg Shichimi Togarashi grob W\u00fcrzmischung 200g"},"content":{"rendered":"<div class=\"product--description\">\n<h3>Wiberg Shichimi Togarashi grob W\u00fcrzmischung<\/h3>\n<p>Die\u00a0W\u00fcrzmischung\u00a0Shichimi Togarash ist das klassische Tischgew\u00fcrz und beinhaltet nach japanischer Tradition mindestens sieben Komponenten. Es\u00a0wird deshalb auch die \u201eSieben-Gew\u00fcrze-Mischung\u201c genannt. WIBERG interpretiert die japanische Gew\u00fcrzmischung neu und verleiht dem Geschmack Japans durch das nat\u00fcrliche Orangenaroma eine fruchtig-duftende Note. Die ausgewogene Chili-Sch\u00e4rfe, der w\u00fcrzige Geschmack aus der Norialge und der prickelnde Abschluss im Gaumen durch die feine S\u00e4ure des Szechuanpfeffers zaubern einem das \u201eLand der aufgehenden Sonne\u201c ins Gericht.<\/p>\n<p>Das Gew\u00fcrz wird\u00a0wird in dem von WIBERG entwickelten 470 ml Aromatresor geliefert und enth\u00e4lt enth\u00e4lt\u00a0200g. Der Aromatresor bietet optimalen Schutz vor Licht und Feuchtigkeit und garantiert ideale Lagerbedingungen f\u00fcr die\u00a0<strong>W\u00fcrzmischung\u00a0Shichimi Togarash grob<\/strong>. So bleiben die Aromen auch nach mehrmaligen \u00f6ffnen der Dose sehr lange erhalten.<\/p>\n<p><strong>Geschmack: <\/strong>ausgewogene Chili-Sch\u00e4rfe, fruchtig nach Zitrus, nussig nach Sesam, w\u00fcrzig nach Nori Alge, prickelnde S\u00e4ure<br \/>\nvon Szechuanpfeffer<\/p>\n<p><strong>Kulinarische Bestimmung: <\/strong>ideal zum Verfeinern von W\u00fcrzsaucen, Sushi, Suppen, Nudeln, Ramen, Reisgerichten, Eierspeisen, f\u00fcr Fisch,Fleisch und Dip-Saucen<\/p>\n<p><strong>ZUTATEN:<\/strong><\/p>\n<p>28 % Sesam (schwarz, wei\u00df), Mohn, Ingwer, Chili, Karotte, 9 % Nori Alge, Schwarzk\u00fcmmel, Gr\u00fcner Pfeffer, Szechuanpfeffer, nat\u00fcrliches Orangenaroma<\/p>\n<p>Menge pro 100 g<\/p>\n<ul id=\"naerwerte\" class=\"list-unstyled funktions-attribut\">\n<li><strong>Brennwert<\/strong>\u00a01845,0 kJ \/ 441,0 kcal<\/li>\n<li><strong>Fett<\/strong>\u00a026,0 g<\/li>\n<li><strong>davon ges\u00e4ttigte Fetts\u00e4uren<\/strong>\u00a03,4 g<\/li>\n<li><strong>Kohlenhydrate<\/strong>\u00a026,0 g<\/li>\n<li><strong>davon Zucker<\/strong>\u00a016,0 g<\/li>\n<li><strong>Eiwei\u00dfgehalt<\/strong>\u00a015,0 g<\/li>\n<li><strong>Salz<\/strong>\u00a00,94 g<\/li>\n<\/ul>\n<p>Verantwortlicher Unternehmer: FRUTAROM Savory Solutions Germany GmbH, Eichendorffstr. 25, D-83395 Freilassing<\/p>\n<p>&nbsp;<\/p>\n<\/div>\n","protected":false},"excerpt":{"rendered":"<p>Grundpreis 100g \/ 10,45\u20ac<\/p>\n","protected":false},"featured_media":907,"comment_status":"open","ping_status":"closed","template":"","meta":[],"product_brand":[],"product_cat":[28],"product_tag":[],"class_list":{"0":"post-906","1":"product","2":"type-product","3":"status-publish","4":"has-post-thumbnail","6":"product_cat-gewuerze-oele","8":"first","9":"instock","10":"taxable","11":"shipping-taxable","12":"purchasable","13":"product-type-simple"},"_links":{"self":[{"href":"https:\/\/eatemotions.de\/index.php?rest_route=\/wp\/v2\/product\/906","targetHints":{"allow":["GET"]}}],"collection":[{"href":"https:\/\/eatemotions.de\/index.php?rest_route=\/wp\/v2\/product"}],"about":[{"href":"https:\/\/eatemotions.de\/index.php?rest_route=\/wp\/v2\/types\/product"}],"replies":[{"embeddable":true,"href":"https:\/\/eatemotions.de\/index.php?rest_route=%2Fwp%2Fv2%2Fcomments&post=906"}],"wp:featuredmedia":[{"embeddable":true,"href":"https:\/\/eatemotions.de\/index.php?rest_route=\/wp\/v2\/media\/907"}],"wp:attachment":[{"href":"https:\/\/eatemotions.de\/index.php?rest_route=%2Fwp%2Fv2%2Fmedia&parent=906"}],"wp:term":[{"taxonomy":"product_brand","embeddable":true,"href":"https:\/\/eatemotions.de\/index.php?rest_route=%2Fwp%2Fv2%2Fproduct_brand&post=906"},{"taxonomy":"product_cat","embeddable":true,"href":"https:\/\/eatemotions.de\/index.php?rest_route=%2Fwp%2Fv2%2Fproduct_cat&post=906"},{"taxonomy":"product_tag","embeddable":true,"href":"https:\/\/eatemotions.de\/index.php?rest_route=%2Fwp%2Fv2%2Fproduct_tag&post=906"}],"curies":[{"name":"wp","href":"https:\/\/api.w.org\/{rel}","templated":true}]}}