{"id":966,"date":"2023-10-30T13:43:43","date_gmt":"2023-10-30T11:43:43","guid":{"rendered":"https:\/\/eatemotions.de\/?post_type=product&#038;p=966"},"modified":"2025-01-17T16:41:32","modified_gmt":"2025-01-17T14:41:32","slug":"wiberg-wow-fruity-bbq-gewuerzsalz","status":"publish","type":"product","link":"https:\/\/eatemotions.de\/?product=wiberg-wow-fruity-bbq-gewuerzsalz","title":{"rendered":"Wiberg WOW 95g Fruity BBQ Gew\u00fcrzsalz"},"content":{"rendered":"<ul>\n<li><strong>Wiberg WOW Fruity BBQ<\/strong><\/li>\n<\/ul>\n<p style=\"text-align: left;\"><strong>Mehr Geschmack:<\/strong>\u00a0ausgewogenes Zusammenspiel aus w\u00fcrzigen und fruchtigen Zutaten, frisch nach Limette und Koriandergr\u00fcn, mit angenehmer Jalape\u00f1o-Sch\u00e4rfe<br \/>\n<strong>Mehr Genuss:<\/strong>\u00a0f\u00fcr Fleisch, Fisch und Krustentiere, Salsas, Reis- und Gem\u00fcsegerichte<\/p>\n<p style=\"text-align: left;\">Grillen kann so fruchtig sein. Dieses Gew\u00fcrzsalz hat es in sich. Temperamentvoll, fruchtig und scharf geht es mit Fruity BBQ an den s\u00fcdamerikanischen Grill, wo das Feuer im Sonnenuntergang flackert und die Lebensfreude spr\u00fcht. Bring den Schwung brasilianischer Rhythmen an deinen Grill. In dieser Mischung geben feurige Jalape\u00f1os den Takt vor. Harmonisch abgemischt ist dieses Gew\u00fcrzsalz mit fruchtig-frischer Limette, Koriandergr\u00fcn, Rohrzucker und Kreuzk\u00fcmmel. Greif zu Fruity BBQ, wenn du dein Essen fruchtig-s\u00fc\u00df und w\u00fcrzig-scharf magst.<\/p>\n<p style=\"text-align: left;\"><strong>Verwendungstipps:<\/strong><\/p>\n<p style=\"text-align: left;\">Gegrillte H\u00fchnerkeulen oder Chickenwings, gegrillter Red Snapper, gegrillte Calamari, Mango Salsa, Passionsfrucht-Dressings, Fried Rice, Bohneneint\u00f6pfe u.v.m.<\/p>\n<p>&nbsp;<\/p>\n<p style=\"text-align: left;\"><strong>Zutaten :<\/strong> 40% Kristall-Natursalz,Zwiebel,5% Jalape\u00f1opulver,gr\u00fcner Pfeffer,Rohrzucker,3,5%Korianderbl\u00e4tter,ger\u00e4uchertes Paprikapulver,Paprika,Rauch,Minze,2% Limette\u00a0<sup><a href=\"https:\/\/wow-shop.wiberg.eu\/de-AT\/wiberg-gewuerze\/fruity-bbq-brasilianisch-inspieriert-gewuerzsalz-95-g#cite_note-c80142f88bbbdfc5c-1\">[1],<\/a><\/sup>Knoblauch,Kreuzk\u00fcmmel,Raps\u00f6l,rosa Beeren,Zitronensaftpulver,Piment,Kurkuma<\/p>\n<h4>Fruity BBQ &#8211; brasilianisch inspiriert<\/h4>\n<div class=\"product-ingredients nutritional\">\n<table class=\"product-ingredients nutritional\" cellspacing=\"0\">\n<thead>\n<tr>\n<th>Fruity BBQ &#8211; brasilianisch inspiriert<\/th>\n<th class=\"column header odd\">pro 100 g<\/th>\n<\/tr>\n<\/thead>\n<tbody>\n<tr class=\"odd\">\n<th>Energiegehalt \/ Brennwert<\/th>\n<td class=\"column odd value\">896 \/ 214 kj \/ kcal<\/td>\n<\/tr>\n<tr class=\"even\">\n<th>Fett<\/th>\n<td class=\"column odd value\">2,3 g<\/td>\n<\/tr>\n<tr class=\"odd\">\n<th>\u00a0\u00a0davon Ges\u00e4ttigte fetts\u00e4uren<\/th>\n<td class=\"column odd value\">0,27 g<\/td>\n<\/tr>\n<tr class=\"even\">\n<th>Kohlenhydrate<\/th>\n<td class=\"column odd value\">40 g<\/td>\n<\/tr>\n<tr class=\"odd\">\n<th>\u00a0\u00a0davon Zucker<\/th>\n<td class=\"column odd value\">17 g<\/td>\n<\/tr>\n<tr class=\"even\">\n<th>Ballaststoffe<\/th>\n<td class=\"column odd value\">2 g<\/td>\n<\/tr>\n<tr class=\"odd\">\n<th>Eiwei\u00df<\/th>\n<td class=\"column odd value\">7,1 g<\/td>\n<\/tr>\n<tr class=\"even\">\n<th>Salz<\/th>\n<td class=\"column odd value\">43,3 g<\/td>\n<\/tr>\n<tr class=\"odd\">\n<th>Natrium<\/th>\n<td class=\"column odd value\">17,3 g<\/td>\n<\/tr>\n<\/tbody>\n<\/table>\n<p>Verantwortlicher Unternehmer: NovaTaste Austria GmbH ,A.-Schemel-Str. 9, A-5020 Salzburg<\/p>\n<\/div>\n","protected":false},"excerpt":{"rendered":"<p style=\"text-align: left;\">Fruchtiger Grillgenuss<\/p>\n<p style=\"text-align: left;\">Zusammenspiel aus w\u00fcrzigen und fruchtigen Zutaten, mit angenehmer Jalape\u00f1o-Sch\u00e4rfe<\/p>\n<p style=\"text-align: left;\">F\u00fcr Fleisch, Fisch und Gem\u00fcse<\/p>\n<p style=\"text-align: left;\">Grundpreis 100g \/ 6,30\u20ac<\/p>\n","protected":false},"featured_media":967,"comment_status":"open","ping_status":"closed","template":"","meta":[],"product_brand":[],"product_cat":[48],"product_tag":[],"class_list":{"0":"post-966","1":"product","2":"type-product","3":"status-publish","4":"has-post-thumbnail","6":"product_cat-wow-gewuerze-wiberg","8":"first","9":"instock","10":"taxable","11":"shipping-taxable","12":"purchasable","13":"product-type-simple"},"_links":{"self":[{"href":"https:\/\/eatemotions.de\/index.php?rest_route=\/wp\/v2\/product\/966","targetHints":{"allow":["GET"]}}],"collection":[{"href":"https:\/\/eatemotions.de\/index.php?rest_route=\/wp\/v2\/product"}],"about":[{"href":"https:\/\/eatemotions.de\/index.php?rest_route=\/wp\/v2\/types\/product"}],"replies":[{"embeddable":true,"href":"https:\/\/eatemotions.de\/index.php?rest_route=%2Fwp%2Fv2%2Fcomments&post=966"}],"wp:featuredmedia":[{"embeddable":true,"href":"https:\/\/eatemotions.de\/index.php?rest_route=\/wp\/v2\/media\/967"}],"wp:attachment":[{"href":"https:\/\/eatemotions.de\/index.php?rest_route=%2Fwp%2Fv2%2Fmedia&parent=966"}],"wp:term":[{"taxonomy":"product_brand","embeddable":true,"href":"https:\/\/eatemotions.de\/index.php?rest_route=%2Fwp%2Fv2%2Fproduct_brand&post=966"},{"taxonomy":"product_cat","embeddable":true,"href":"https:\/\/eatemotions.de\/index.php?rest_route=%2Fwp%2Fv2%2Fproduct_cat&post=966"},{"taxonomy":"product_tag","embeddable":true,"href":"https:\/\/eatemotions.de\/index.php?rest_route=%2Fwp%2Fv2%2Fproduct_tag&post=966"}],"curies":[{"name":"wp","href":"https:\/\/api.w.org\/{rel}","templated":true}]}}