{"id":968,"date":"2023-10-30T13:47:43","date_gmt":"2023-10-30T11:47:43","guid":{"rendered":"https:\/\/eatemotions.de\/?post_type=product&#038;p=968"},"modified":"2025-01-17T16:41:33","modified_gmt":"2025-01-17T14:41:33","slug":"wiberg-wow-seven-spices-thailaendisch-inspirierte-gewuerzzubereitung","status":"publish","type":"product","link":"https:\/\/eatemotions.de\/?product=wiberg-wow-seven-spices-thailaendisch-inspirierte-gewuerzzubereitung","title":{"rendered":"Wiberg WOW Seven Spices &#8211; 100g thail\u00e4ndisch inspirierte Gew\u00fcrzzubereitung"},"content":{"rendered":"<p>WIBERG WOW Seven Spices<\/p>\n<p style=\"text-align: left;\"><strong>Mehr Geschmack:<\/strong>\u00a0authentisches Zusammenspiel<br \/>\naus kr\u00e4ftig-scharfen und fruchtigs\u00fc\u00dfen Zutaten, erfrischend nach Ingwer und Sumac<br \/>\n<strong>Mehr Genuss:\u00a0<\/strong>f\u00fcr gebratenen Reis, Nudeln, Wok-Gerichte, Fleisch, Fisch, Krustentiere, Suppen und Salate<\/p>\n<p style=\"text-align: left;\">Du liebst Thai Food? Dann greif zu Seven Spices! Diese w\u00fcrzig-frische Mischung bringt Sch\u00e4rfe und authentischen Geschmack in deine K\u00fcche. Seven Spices nimmt dich mit in die Welt der schwimmenden M\u00e4rkte und kleinen Gark\u00fcchen, wo mitten im bunten Treiben der Stadt das Streetfood brutzelt und k\u00f6chelt. Seven Spices ist die Kombination aus fruchtig-s\u00fc\u00dfen Zutaten, kr\u00e4ftigen landestypischen Gew\u00fcrzen, Chili-Sch\u00e4rfe und den frischen Noten von Zitronengras und Minze. Purer Geschmack f\u00fcr echt thail\u00e4ndisches Essen.<\/p>\n<p style=\"text-align: left;\"><strong>Verwendungstipps:<\/strong><\/p>\n<p style=\"text-align: left;\">Fried Rice, Gegrilltes H\u00fchnerfleisch, gebratenes Schweinefleisch, verschiedenste Gem\u00fcsepfannen, Suppen mit Kokosmilch, Pad Thai, Gebratene Meeresfr\u00fcchte u.v.m.<\/p>\n<p>&nbsp;<\/p>\n<p style=\"text-align: left;\"><strong>Zutaten:<\/strong><\/p>\n<p style=\"text-align: left;\">KristallNatursalz,Knoblauch,Kreuzk\u00fcmmel,Koriander,5%Ingwer,Zwiebel,Chili,Rohrzucker,Gew\u00fcrzextrakte,schwarzer Pfeffer,Oregano,3% Sumac,Nelken,Zimt,Anis,Minze<\/p>\n<p>&nbsp;<\/p>\n<h4>Seven Spices &#8211; thail\u00e4ndisch inspiriert<\/h4>\n<div class=\"product-ingredients nutritional\">\n<p>&nbsp;<\/p>\n<table class=\"product-ingredients nutritional\" cellspacing=\"0\">\n<thead>\n<tr>\n<th>Seven Spices &#8211; thail\u00e4ndisch inspiriert<\/th>\n<th class=\"column header odd\">pro 100 g<\/th>\n<\/tr>\n<\/thead>\n<tbody>\n<tr class=\"odd\">\n<th>Energiegehalt \/ Brennwert<\/th>\n<td class=\"column odd value\">1017 \/ 243 kj \/ kcal<\/td>\n<\/tr>\n<tr class=\"even\">\n<th>Fett<\/th>\n<td class=\"column odd value\">6,4 g<\/td>\n<\/tr>\n<tr class=\"odd\">\n<th>\u00a0\u00a0davon Ges\u00e4ttigte fetts\u00e4uren<\/th>\n<td class=\"column odd value\">0,64 g<\/td>\n<\/tr>\n<tr class=\"even\">\n<th>Kohlenhydrate<\/th>\n<td class=\"column odd value\">29 g<\/td>\n<\/tr>\n<tr class=\"odd\">\n<th>\u00a0\u00a0davon Zucker<\/th>\n<td class=\"column odd value\">10 g<\/td>\n<\/tr>\n<tr class=\"even\">\n<th>Ballaststoffe<\/th>\n<td class=\"column odd value\">18 g<\/td>\n<\/tr>\n<tr class=\"odd\">\n<th>Eiwei\u00df<\/th>\n<td class=\"column odd value\">8,8 g<\/td>\n<\/tr>\n<tr class=\"even\">\n<th>Salz<\/th>\n<td class=\"column odd value\">29 g<\/td>\n<\/tr>\n<\/tbody>\n<\/table>\n<p>Verantwortlicher Unternehmer: NovaTaste Austria GmbH ,A.-Schemel-Str. 9, A-5020 Salzburg<\/p>\n<\/div>\n","protected":false},"excerpt":{"rendered":"<p style=\"text-align: left;\">authentisches Zusammenspiel aus kr\u00e4ftig-scharfen und fruchtigs\u00fc\u00dfen Zutaten<\/p>\n<p style=\"text-align: left;\">Erfrischend nach Ingwer und Sumac<\/p>\n<p style=\"text-align: left;\">Ideal f\u00fcr gebratenen Reis, Nudeln, Wok-Gerichte, Fleisch, Fisch, Krustentiere, Suppen und Salate<\/p>\n<p style=\"text-align: left;\">Grundpreis 100g \/ 5,99<\/p>\n","protected":false},"featured_media":969,"comment_status":"open","ping_status":"closed","template":"","meta":[],"product_brand":[],"product_cat":[48],"product_tag":[],"class_list":{"0":"post-968","1":"product","2":"type-product","3":"status-publish","4":"has-post-thumbnail","6":"product_cat-wow-gewuerze-wiberg","8":"first","9":"instock","10":"taxable","11":"shipping-taxable","12":"purchasable","13":"product-type-simple"},"_links":{"self":[{"href":"https:\/\/eatemotions.de\/index.php?rest_route=\/wp\/v2\/product\/968","targetHints":{"allow":["GET"]}}],"collection":[{"href":"https:\/\/eatemotions.de\/index.php?rest_route=\/wp\/v2\/product"}],"about":[{"href":"https:\/\/eatemotions.de\/index.php?rest_route=\/wp\/v2\/types\/product"}],"replies":[{"embeddable":true,"href":"https:\/\/eatemotions.de\/index.php?rest_route=%2Fwp%2Fv2%2Fcomments&post=968"}],"wp:featuredmedia":[{"embeddable":true,"href":"https:\/\/eatemotions.de\/index.php?rest_route=\/wp\/v2\/media\/969"}],"wp:attachment":[{"href":"https:\/\/eatemotions.de\/index.php?rest_route=%2Fwp%2Fv2%2Fmedia&parent=968"}],"wp:term":[{"taxonomy":"product_brand","embeddable":true,"href":"https:\/\/eatemotions.de\/index.php?rest_route=%2Fwp%2Fv2%2Fproduct_brand&post=968"},{"taxonomy":"product_cat","embeddable":true,"href":"https:\/\/eatemotions.de\/index.php?rest_route=%2Fwp%2Fv2%2Fproduct_cat&post=968"},{"taxonomy":"product_tag","embeddable":true,"href":"https:\/\/eatemotions.de\/index.php?rest_route=%2Fwp%2Fv2%2Fproduct_tag&post=968"}],"curies":[{"name":"wp","href":"https:\/\/api.w.org\/{rel}","templated":true}]}}