{"id":975,"date":"2023-10-30T14:25:28","date_gmt":"2023-10-30T12:25:28","guid":{"rendered":"https:\/\/eatemotions.de\/?post_type=product&#038;p=975"},"modified":"2025-01-17T16:41:33","modified_gmt":"2025-01-17T14:41:33","slug":"wiberg-wow-100g-smoky-bbq-wuerzmischung","status":"publish","type":"product","link":"https:\/\/eatemotions.de\/?product=wiberg-wow-100g-smoky-bbq-wuerzmischung","title":{"rendered":"Wiberg WOW 100g Smoky BBQ W\u00fcrzmischung"},"content":{"rendered":"<p>WIBERG WOW SMOKEY BBQ<\/p>\n<p style=\"text-align: left;\"><strong>Mehr Geschmack:\u00a0<\/strong>ausgewogenes Zusammenspiel aus temperamentvollem Chili, nat\u00fcrlicher Rauchnote und abgerundeter S\u00fc\u00dfe<br \/>\n<strong>Mehr Genuss:\u00a0<\/strong>f\u00fcr Fleisch, Fisch, Krustentiere,<br \/>\nGem\u00fcse und Kartoffelgerichte. Grillen mit Rauchnote \u2013 ganz easy.<\/p>\n<p style=\"text-align: left;\">Lass mit Smoky BBQ den entspannten Sommertag am BBQ-Smoker gesellig ausklingen. F\u00fcr Grillspezialit\u00e4ten mit einem Hauch von Rauch. Setz auf den kr\u00e4ftigen Geschmack von Zwiebel, Knoblauch sowie Koriander und die Sch\u00e4rfe aus der Kombination von Chili und Pfeffer. Eine angenehme S\u00fc\u00dfe rundet diese starke Mischung harmonisch ab. In dieser Dose steckt alles, was du zu einem optimal gew\u00fcrzten BBQ brauchst. Greif zu dieser W\u00fcrzmischung, wenn du dein Essen chilischarf mit Rauchnote magst. Tipp: Perfekt f\u00fcr rauchig-scharfe Burger!<\/p>\n<p style=\"text-align: left;\"><strong>Verwendungstipps:<\/strong><\/p>\n<p style=\"text-align: left;\">Wedges, Spareribs von Rind oder Schwein, Burger, Pulled Pork, Pulled Beef, Steaks in allen Varianten, Tofu\/Saitan, Gebratenes Wolfsbarschfilet u.v.m.<\/p>\n<p style=\"text-align: left;\"><strong>Zutaten:<\/strong><span style=\"background-color: transparent;\">KristallNatursalz,<\/span><span style=\"background-color: transparent;\">Zwiebel,<\/span><span style=\"background-color: transparent;\">Knoblauch,<\/span><span style=\"background-color: transparent;\">Pastinake,<\/span><span style=\"background-color: transparent;\">Koriander,<\/span><span style=\"background-color: transparent;\">Paprika,<\/span><span style=\"background-color: transparent;\">Reismehl,<\/span><span style=\"background-color: transparent;\">Tomate,<\/span><span style=\"background-color: transparent;\">Bohnenkraut,<\/span><span style=\"background-color: transparent;\">Petersilie,<\/span><span style=\"background-color: transparent;\">ger\u00e4uchertes Maltodextrin(<\/span><span style=\"background-color: transparent;\">Maltodextrin<\/span><span style=\"background-color: transparent;\">Rauch<\/span><span style=\"background-color: transparent;\">1,5%),Chili,<\/span><span style=\"background-color: transparent;\">schwarzer Pfeffer,<\/span><span style=\"background-color: transparent;\">ger\u00e4uchertes Salz,<\/span><span style=\"background-color: transparent;\">Speisesalz<\/span><span style=\"background-color: transparent;\">Rauch,<\/span><span style=\"background-color: transparent;\">Gew\u00fcrzextrakte<\/span><\/p>\n<section id=\"reviews\" class=\"product-feedback-wrap clearfix \">\n<div class=\"title\"><\/div>\n<\/section>\n<h4>Smoky BBQ &#8211; rauchig scharf inspiriert<\/h4>\n<div class=\"product-ingredients nutritional\">\n<table class=\"product-ingredients nutritional\" cellspacing=\"0\">\n<thead>\n<tr>\n<th>Smoky BBQ &#8211; rauchig scharf inspiriert<\/th>\n<th class=\"column header odd\">pro 100 g<\/th>\n<\/tr>\n<\/thead>\n<tbody>\n<tr class=\"odd\">\n<th>Energiegehalt \/ Brennwert<\/th>\n<td class=\"column odd value\">816 \/ 195 kj \/ kcal<\/td>\n<\/tr>\n<tr class=\"even\">\n<th>Fett<\/th>\n<td class=\"column odd value\">2,8 g<\/td>\n<\/tr>\n<tr class=\"odd\">\n<th>\u00a0\u00a0davon Ges\u00e4ttigte fetts\u00e4uren<\/th>\n<td class=\"column odd value\">0,33 g<\/td>\n<\/tr>\n<tr class=\"even\">\n<th>Kohlenhydrate<\/th>\n<td class=\"column odd value\">27 g<\/td>\n<\/tr>\n<tr class=\"odd\">\n<th>\u00a0\u00a0davon Zucker<\/th>\n<td class=\"column odd value\">11 g<\/td>\n<\/tr>\n<tr class=\"even\">\n<th>Ballaststoffe<\/th>\n<td class=\"column odd value\">14,5 g<\/td>\n<\/tr>\n<tr class=\"odd\">\n<th>Eiwei\u00df<\/th>\n<td class=\"column odd value\">8,1 g<\/td>\n<\/tr>\n<tr class=\"even\">\n<th>Salz<\/th>\n<td class=\"column odd value\">39,5 g<\/td>\n<\/tr>\n<tr class=\"odd\">\n<th>Natrium<\/th>\n<td class=\"column odd value\">15,8 g<\/td>\n<\/tr>\n<\/tbody>\n<\/table>\n<p>Verantwortlicher Unternehmer: NovaTaste Austria GmbH ,A.-Schemel-Str. 9, A-5020 Salzburg<\/p>\n<\/div>\n","protected":false},"excerpt":{"rendered":"<p style=\"text-align: left;\">Grillen mit Rauchnote \u2013 ganz easy<\/p>\n<p style=\"text-align: left;\">F\u00fcr Fleisch, Fisch und Gem\u00fcse<\/p>\n<p style=\"text-align: left;\">Zusammenspiel aus Sch\u00e4rfe und abgerundeter S\u00fc\u00dfe<\/p>\n<p style=\"text-align: left;\">Grundpreis 100g \/ 5,99\u20ac<\/p>\n","protected":false},"featured_media":976,"comment_status":"open","ping_status":"closed","template":"","meta":[],"product_brand":[],"product_cat":[48],"product_tag":[],"class_list":{"0":"post-975","1":"product","2":"type-product","3":"status-publish","4":"has-post-thumbnail","6":"product_cat-wow-gewuerze-wiberg","8":"first","9":"instock","10":"taxable","11":"shipping-taxable","12":"purchasable","13":"product-type-simple"},"_links":{"self":[{"href":"https:\/\/eatemotions.de\/index.php?rest_route=\/wp\/v2\/product\/975","targetHints":{"allow":["GET"]}}],"collection":[{"href":"https:\/\/eatemotions.de\/index.php?rest_route=\/wp\/v2\/product"}],"about":[{"href":"https:\/\/eatemotions.de\/index.php?rest_route=\/wp\/v2\/types\/product"}],"replies":[{"embeddable":true,"href":"https:\/\/eatemotions.de\/index.php?rest_route=%2Fwp%2Fv2%2Fcomments&post=975"}],"wp:featuredmedia":[{"embeddable":true,"href":"https:\/\/eatemotions.de\/index.php?rest_route=\/wp\/v2\/media\/976"}],"wp:attachment":[{"href":"https:\/\/eatemotions.de\/index.php?rest_route=%2Fwp%2Fv2%2Fmedia&parent=975"}],"wp:term":[{"taxonomy":"product_brand","embeddable":true,"href":"https:\/\/eatemotions.de\/index.php?rest_route=%2Fwp%2Fv2%2Fproduct_brand&post=975"},{"taxonomy":"product_cat","embeddable":true,"href":"https:\/\/eatemotions.de\/index.php?rest_route=%2Fwp%2Fv2%2Fproduct_cat&post=975"},{"taxonomy":"product_tag","embeddable":true,"href":"https:\/\/eatemotions.de\/index.php?rest_route=%2Fwp%2Fv2%2Fproduct_tag&post=975"}],"curies":[{"name":"wp","href":"https:\/\/api.w.org\/{rel}","templated":true}]}}