{"id":977,"date":"2023-11-02T12:55:38","date_gmt":"2023-11-02T10:55:38","guid":{"rendered":"https:\/\/eatemotions.de\/?post_type=product&#038;p=977"},"modified":"2023-11-02T12:55:38","modified_gmt":"2023-11-02T10:55:38","slug":"wiberg-wow-pasta-85g-pizza-italienisch-inspirierte-wuerzmischung","status":"publish","type":"product","link":"https:\/\/eatemotions.de\/?product=wiberg-wow-pasta-85g-pizza-italienisch-inspirierte-wuerzmischung","title":{"rendered":"Wiberg WOW Pasta 85g  Pizza &#8211; italienisch inspirierte W\u00fcrzmischung"},"content":{"rendered":"<p><strong>Mehr Geschmack:\u00a0<\/strong>fruchtig nach Tomate, angenehm nach mediterranen Kr\u00e4utern und mit feiner Knoblauchnote<br \/>\n<strong>Mehr Genuss:<\/strong>\u00a0f\u00fcr die italienische K\u00fcche, Pasta-, Pizza-, Risotto- und Gem\u00fcsegerichte sowie Fleisch und Fisch<\/p>\n<p>Ganz einfach italienisch! Pasta\/Pizza bringt die perfekte W\u00fcrze mit einem Griff. Hol dir mit Pasta\/Pizza das sonnige Flair von \u201ebella Italia\u201c auf die Teller. Verfeinere Farfalle, Penne und Spaghetti genauso wie frisch gebackene Pizza mit den besten Kr\u00e4utern und Gew\u00fcrzen der italienischen K\u00fcche.<\/p>\n<p>Zutaten:<span style=\"background-color: transparent;\">Meersalz<\/span><span style=\"background-color: transparent;\">14% ,Tomate,<\/span><span style=\"background-color: transparent;\">Zwiebel,<\/span><span style=\"background-color: transparent;\">7% Kr\u00e4uter (Oregano, Basilikum, Petersilie, Rosmarin, Thymian),<\/span><span style=\"background-color: transparent;\">Paprika,<\/span><span style=\"background-color: transparent;\">Zedern\u00fcsse,<\/span><span style=\"background-color: transparent;\">4,5% Knoblauch,<\/span><span style=\"background-color: transparent;\">schwarzer Pfeffer,<\/span><span style=\"background-color: transparent;\">Chili,<\/span><span style=\"background-color: transparent;\">Raps\u00f6l,<\/span><span style=\"background-color: transparent;\">Kurkuma,<\/span><span style=\"background-color: transparent;\">nat\u00fcrliches Zitronenaroma<\/span><\/p>\n<section id=\"reviews\" class=\"product-feedback-wrap clearfix \">\n<div class=\"title\">\n<table class=\"product-ingredients nutritional\" cellspacing=\"0\">\n<thead>\n<tr>\n<th>N\u00e4hrwert<\/th>\n<th class=\"column header odd\">pro 100 g<\/th>\n<\/tr>\n<\/thead>\n<tbody>\n<tr class=\"odd\">\n<th>Energiegehalt \/ Brennwert<\/th>\n<td class=\"column odd value\">825 \/ 197 kj \/ kcal<\/td>\n<\/tr>\n<tr class=\"even\">\n<th>Fett<\/th>\n<td class=\"column odd value\">6,4 g<\/td>\n<\/tr>\n<tr class=\"odd\">\n<th>\u00a0\u00a0davon Ges\u00e4ttigte fetts\u00e4uren<\/th>\n<td class=\"column odd value\">0,6 g<\/td>\n<\/tr>\n<tr class=\"even\">\n<th>Kohlenhydrate<\/th>\n<td class=\"column odd value\">23 g<\/td>\n<\/tr>\n<tr class=\"odd\">\n<th>\u00a0\u00a0davon Zucker<\/th>\n<td class=\"column odd value\">18 g<\/td>\n<\/tr>\n<tr class=\"even\">\n<th>Eiwei\u00df<\/th>\n<td class=\"column odd value\">7,5 g<\/td>\n<\/tr>\n<tr class=\"odd\">\n<th>Salz<\/th>\n<td class=\"column odd value\">45,1 g<\/td>\n<\/tr>\n<\/tbody>\n<\/table>\n<p>Verantwortlicher Unternehmer: NovaTaste Austria GmbH ,A.-Schemel-Str. 9, A-5020 Salzburg<\/p>\n<\/div>\n<\/section>\n","protected":false},"excerpt":{"rendered":"<p style=\"text-align: left;\">So schmeckt la dolce vita &#8211; mit feiner Kr\u00e4uternote und getrockneten Tomaten<\/p>\n<p style=\"text-align: left;\">Pinienkerne verleihen das gewisse Etwas<\/p>\n<p style=\"text-align: left;\">Pizza, Pasta und Amore: hol dir den Geschmack Italiens nach Hause<\/p>\n<p style=\"text-align: left;\">Grundpreis 100g \/ 5,09\u20ac<\/p>\n","protected":false},"featured_media":978,"comment_status":"open","ping_status":"closed","template":"","meta":[],"product_brand":[],"product_cat":[48],"product_tag":[],"class_list":{"0":"post-977","1":"product","2":"type-product","3":"status-publish","4":"has-post-thumbnail","6":"product_cat-wow-gewuerze-wiberg","8":"first","9":"instock","10":"taxable","11":"shipping-taxable","12":"purchasable","13":"product-type-simple"},"_links":{"self":[{"href":"https:\/\/eatemotions.de\/index.php?rest_route=\/wp\/v2\/product\/977","targetHints":{"allow":["GET"]}}],"collection":[{"href":"https:\/\/eatemotions.de\/index.php?rest_route=\/wp\/v2\/product"}],"about":[{"href":"https:\/\/eatemotions.de\/index.php?rest_route=\/wp\/v2\/types\/product"}],"replies":[{"embeddable":true,"href":"https:\/\/eatemotions.de\/index.php?rest_route=%2Fwp%2Fv2%2Fcomments&post=977"}],"wp:featuredmedia":[{"embeddable":true,"href":"https:\/\/eatemotions.de\/index.php?rest_route=\/wp\/v2\/media\/978"}],"wp:attachment":[{"href":"https:\/\/eatemotions.de\/index.php?rest_route=%2Fwp%2Fv2%2Fmedia&parent=977"}],"wp:term":[{"taxonomy":"product_brand","embeddable":true,"href":"https:\/\/eatemotions.de\/index.php?rest_route=%2Fwp%2Fv2%2Fproduct_brand&post=977"},{"taxonomy":"product_cat","embeddable":true,"href":"https:\/\/eatemotions.de\/index.php?rest_route=%2Fwp%2Fv2%2Fproduct_cat&post=977"},{"taxonomy":"product_tag","embeddable":true,"href":"https:\/\/eatemotions.de\/index.php?rest_route=%2Fwp%2Fv2%2Fproduct_tag&post=977"}],"curies":[{"name":"wp","href":"https:\/\/api.w.org\/{rel}","templated":true}]}}