{"id":979,"date":"2023-11-02T13:03:14","date_gmt":"2023-11-02T11:03:14","guid":{"rendered":"https:\/\/eatemotions.de\/?post_type=product&#038;p=979"},"modified":"2025-05-03T14:13:46","modified_gmt":"2025-05-03T12:13:46","slug":"wiberg-wow-100g-avocado-veggie-inspirierte-wuerzmischung","status":"publish","type":"product","link":"https:\/\/eatemotions.de\/?product=wiberg-wow-100g-avocado-veggie-inspirierte-wuerzmischung","title":{"rendered":"Wiberg WOW 100g Avocado &#8211; veggie inspirierte W\u00fcrzmischung"},"content":{"rendered":"<p>Wiberg WOW Avocado<\/p>\n<p><strong>Mehr Geschmack:<\/strong>\u00a0dezent w\u00fcrzig nach Zwiebel und Knoblauch, fruchtig nach Tomate, mit angenehmer Sesamnote.<br \/>\n<strong>Mehr Genuss:<\/strong>\u00a0f\u00fcr alle Arten von Rohkost, Salate sowie Dips.<\/p>\n<p>Ganz einfach veggie! Avocado bringt die perfekte W\u00fcrze mit einem Griff. Ob bunte Bowl, schmackhafte Guacamole, oder frische Rohkost, diese w\u00fcrzige Mischung schenkt Geschmack und bunte Farbakzente vom Fr\u00fchst\u00fcck bis zum Abendessen.<\/p>\n<p>Zutaten:Meersalz,20% Tomate,<span title=\"Allergen\">16% schwarzer SESAM,<\/span>11% Knoblauch,10% Zwiebel,Korianderbl\u00e4tter,Chili,schwarzer Pfeffer,Zitronenschalen,Raps\u00f6l,nat\u00fcrliches Limettenaroma<\/p>\n<p>N\u00e4hrwert<\/p>\n<div class=\"p-details__content\">\n<div class=\"product-ingredients nutritional\">\n<table class=\"product-ingredients nutritional\" cellspacing=\"0\">\n<thead>\n<tr>\n<th>N\u00e4hrwert<\/th>\n<th class=\"column header odd\">pro 100 g<\/th>\n<\/tr>\n<\/thead>\n<tbody>\n<tr class=\"odd\">\n<th>Energiegehalt \/ Brennwert<\/th>\n<td class=\"column odd value\">1080 \/ 258 kj \/ kcal<\/td>\n<\/tr>\n<tr class=\"even\">\n<th>Fett<\/th>\n<td class=\"column odd value\">11 g<\/td>\n<\/tr>\n<tr class=\"odd\">\n<th>\u00a0\u00a0davon Ges\u00e4ttigte fetts\u00e4uren<\/th>\n<td class=\"column odd value\">1,4 g<\/td>\n<\/tr>\n<tr class=\"even\">\n<th>Kohlenhydrate<\/th>\n<td class=\"column odd value\">26 g<\/td>\n<\/tr>\n<tr class=\"odd\">\n<th>\u00a0\u00a0davon Zucker<\/th>\n<td class=\"column odd value\">15 g<\/td>\n<\/tr>\n<tr class=\"even\">\n<th>Eiwei\u00df<\/th>\n<td class=\"column odd value\">10 g<\/td>\n<\/tr>\n<tr class=\"odd\">\n<th>Salz<\/th>\n<td class=\"column odd value\">30,3 g<\/td>\n<\/tr>\n<\/tbody>\n<\/table>\n<p>Verantwortlicher Unternehmer: NovaTaste Austria GmbH ,A.-Schemel-Str. 9, A-5020 Salzburg<\/p>\n<\/div>\n<\/div>\n","protected":false},"excerpt":{"rendered":"<p style=\"text-align: left;\">Fruchtig-w\u00fcrziges Zusammenspiel von Tomate, Zwiebel und Knoblauch<\/p>\n<p style=\"text-align: left;\">Ein Must-have f\u00fcr alle Veggie-Liebhaber<\/p>\n<p style=\"text-align: left;\">Mit feiner Sesamnote &#8211; auch optisch ein Highlight!<\/p>\n<p style=\"text-align: left;\">Grundpreis 100g \/ 5,99\u20ac<\/p>\n","protected":false},"featured_media":980,"comment_status":"open","ping_status":"closed","template":"","meta":[],"product_brand":[],"product_cat":[48],"product_tag":[],"class_list":{"0":"post-979","1":"product","2":"type-product","3":"status-publish","4":"has-post-thumbnail","6":"product_cat-wow-gewuerze-wiberg","8":"first","9":"instock","10":"taxable","11":"shipping-taxable","12":"purchasable","13":"product-type-simple"},"_links":{"self":[{"href":"https:\/\/eatemotions.de\/index.php?rest_route=\/wp\/v2\/product\/979","targetHints":{"allow":["GET"]}}],"collection":[{"href":"https:\/\/eatemotions.de\/index.php?rest_route=\/wp\/v2\/product"}],"about":[{"href":"https:\/\/eatemotions.de\/index.php?rest_route=\/wp\/v2\/types\/product"}],"replies":[{"embeddable":true,"href":"https:\/\/eatemotions.de\/index.php?rest_route=%2Fwp%2Fv2%2Fcomments&post=979"}],"wp:featuredmedia":[{"embeddable":true,"href":"https:\/\/eatemotions.de\/index.php?rest_route=\/wp\/v2\/media\/980"}],"wp:attachment":[{"href":"https:\/\/eatemotions.de\/index.php?rest_route=%2Fwp%2Fv2%2Fmedia&parent=979"}],"wp:term":[{"taxonomy":"product_brand","embeddable":true,"href":"https:\/\/eatemotions.de\/index.php?rest_route=%2Fwp%2Fv2%2Fproduct_brand&post=979"},{"taxonomy":"product_cat","embeddable":true,"href":"https:\/\/eatemotions.de\/index.php?rest_route=%2Fwp%2Fv2%2Fproduct_cat&post=979"},{"taxonomy":"product_tag","embeddable":true,"href":"https:\/\/eatemotions.de\/index.php?rest_route=%2Fwp%2Fv2%2Fproduct_tag&post=979"}],"curies":[{"name":"wp","href":"https:\/\/api.w.org\/{rel}","templated":true}]}}