{"id":982,"date":"2023-11-02T13:20:36","date_gmt":"2023-11-02T11:20:36","guid":{"rendered":"https:\/\/eatemotions.de\/?post_type=product&#038;p=982"},"modified":"2023-11-02T13:20:36","modified_gmt":"2023-11-02T11:20:36","slug":"wiberg-wow-110-g-fisch-maritim-inspirierte-wuerzmischung","status":"publish","type":"product","link":"https:\/\/eatemotions.de\/?product=wiberg-wow-110-g-fisch-maritim-inspirierte-wuerzmischung","title":{"rendered":"Wiberg WOW 110 g Fisch &#8211; maritim inspirierte W\u00fcrzmischung"},"content":{"rendered":"<p style=\"text-align: left;\"><strong>Mehr Geschmack:<\/strong>\u00a0erfrischend nach Zitrone, mit feiner Kr\u00e4uter- und angenehmer Pfeffernote<br \/>\n<strong>Mehr Genuss:<\/strong>\u00a0f\u00fcr harmonische Gerichte mit Fisch und Meeresfr\u00fcchten<\/p>\n<p style=\"text-align: left;\">Ganz einfach maritim! Fisch bringt die perfekte W\u00fcrze mit einem Griff. Du liebst saftigen Lachs, zarten Kabeljau oder auch heimischen Saibling und feine Forelle? Dann hol dir mit dieser Mischung Geschmack auf die Teller. Ob gebraten, ged\u00e4mpft oder gegrillt, zarter Genuss mit viel Geschmack ist auch f\u00fcr Garnelen und Meeresfr\u00fcchte garantiert.<\/p>\n<p>Zutaten:Meersalz,17% Pfeffer (wei\u00df, gr\u00fcn),Knoblauch,Zwiebel2,5% ,Zitronenschalen,Estragon,Raps\u00f6l1% ,Zitronensaftpulver,Ingwer0,3% ,nat\u00fcrliches Zitronenaroma<\/p>\n<p>N\u00e4hrwert<\/p>\n<div class=\"p-details__content\">\n<div class=\"product-ingredients nutritional\">\n<table class=\"product-ingredients nutritional\" cellspacing=\"0\">\n<thead>\n<tr>\n<th>N\u00e4hrwert<\/th>\n<th class=\"column header odd\">pro 100 g<\/th>\n<\/tr>\n<\/thead>\n<tbody>\n<tr class=\"odd\">\n<th>Energiegehalt \/ Brennwert<\/th>\n<td class=\"column odd value\">783 \/ 187 kj \/ kcal<\/td>\n<\/tr>\n<tr class=\"even\">\n<th>Fett<\/th>\n<td class=\"column odd value\">2,7 g<\/td>\n<\/tr>\n<tr class=\"odd\">\n<th>\u00a0\u00a0davon Ges\u00e4ttigte fetts\u00e4uren<\/th>\n<td class=\"column odd value\">0,3 g<\/td>\n<\/tr>\n<tr class=\"even\">\n<th>Kohlenhydrate<\/th>\n<td class=\"column odd value\">31 g<\/td>\n<\/tr>\n<tr class=\"odd\">\n<th>\u00a0\u00a0davon Zucker<\/th>\n<td class=\"column odd value\">20 g<\/td>\n<\/tr>\n<tr class=\"even\">\n<th>Eiwei\u00df<\/th>\n<td class=\"column odd value\">6,9 g<\/td>\n<\/tr>\n<tr class=\"odd\">\n<th>Salz<\/th>\n<td class=\"column odd value\">42,1 g<\/td>\n<\/tr>\n<\/tbody>\n<\/table>\n<p>Verantwortlicher Unternehmer: NovaTaste Austria GmbH ,A.-Schemel-Str. 9, A-5020 Salzburg<\/p>\n<\/div>\n<\/div>\n","protected":false},"excerpt":{"rendered":"<p style=\"text-align: left;\">Perfektes Zusammenspiel von Frische und W\u00fcrzkraft<\/p>\n<p style=\"text-align: left;\">Ideal f\u00fcr Fisch und Meeresfr\u00fcchte<\/p>\n<p style=\"text-align: left;\">Eignet sich perfekt zum Abschmecken oder Marinieren<\/p>\n<p style=\"text-align: left;\">Grundpreis 100g \/ 5,44\u20ac<\/p>\n","protected":false},"featured_media":983,"comment_status":"open","ping_status":"closed","template":"","meta":[],"product_brand":[],"product_cat":[48],"product_tag":[],"class_list":{"0":"post-982","1":"product","2":"type-product","3":"status-publish","4":"has-post-thumbnail","6":"product_cat-wow-gewuerze-wiberg","8":"first","9":"instock","10":"taxable","11":"shipping-taxable","12":"purchasable","13":"product-type-simple"},"_links":{"self":[{"href":"https:\/\/eatemotions.de\/index.php?rest_route=\/wp\/v2\/product\/982","targetHints":{"allow":["GET"]}}],"collection":[{"href":"https:\/\/eatemotions.de\/index.php?rest_route=\/wp\/v2\/product"}],"about":[{"href":"https:\/\/eatemotions.de\/index.php?rest_route=\/wp\/v2\/types\/product"}],"replies":[{"embeddable":true,"href":"https:\/\/eatemotions.de\/index.php?rest_route=%2Fwp%2Fv2%2Fcomments&post=982"}],"wp:featuredmedia":[{"embeddable":true,"href":"https:\/\/eatemotions.de\/index.php?rest_route=\/wp\/v2\/media\/983"}],"wp:attachment":[{"href":"https:\/\/eatemotions.de\/index.php?rest_route=%2Fwp%2Fv2%2Fmedia&parent=982"}],"wp:term":[{"taxonomy":"product_brand","embeddable":true,"href":"https:\/\/eatemotions.de\/index.php?rest_route=%2Fwp%2Fv2%2Fproduct_brand&post=982"},{"taxonomy":"product_cat","embeddable":true,"href":"https:\/\/eatemotions.de\/index.php?rest_route=%2Fwp%2Fv2%2Fproduct_cat&post=982"},{"taxonomy":"product_tag","embeddable":true,"href":"https:\/\/eatemotions.de\/index.php?rest_route=%2Fwp%2Fv2%2Fproduct_tag&post=982"}],"curies":[{"name":"wp","href":"https:\/\/api.w.org\/{rel}","templated":true}]}}